{"id":10060,"date":"2025-10-08T09:21:44","date_gmt":"2025-10-08T07:21:44","guid":{"rendered":"https:\/\/lj-sc.dk\/stoejreduktion\/"},"modified":"2025-11-21T12:08:24","modified_gmt":"2025-11-21T11:08:24","slug":"stoejreduktion","status":"publish","type":"page","link":"https:\/\/lj-sc.dk\/da\/stoejreduktion\/","title":{"rendered":"St\u00f8jreduktion"},"content":{"rendered":"\t\t<div data-elementor-type=\"wp-page\" data-elementor-id=\"10060\" class=\"elementor elementor-10060 elementor-9798\" data-elementor-post-type=\"page\">\n\t\t\t\t<div class=\"elementor-element elementor-element-3efc8ad0 e-con-full e-flex e-con e-parent\" data-id=\"3efc8ad0\" data-element_type=\"container\" data-e-type=\"container\" data-settings=\"{&quot;background_background&quot;:&quot;gradient&quot;}\">\n\t\t<div class=\"elementor-element elementor-element-6e4e7932 e-flex e-con-boxed e-con e-child\" data-id=\"6e4e7932\" data-element_type=\"container\" data-e-type=\"container\" data-settings=\"{&quot;background_background&quot;:&quot;classic&quot;}\">\n\t\t\t\t\t<div class=\"e-con-inner\">\n\t\t<div class=\"elementor-element elementor-element-4609d5a e-con-full e-flex e-con e-child\" data-id=\"4609d5a\" data-element_type=\"container\" data-e-type=\"container\">\n\t\t\t\t<div class=\"elementor-element elementor-element-31d1cd9 elementor-widget elementor-widget-heading\" data-id=\"31d1cd9\" data-element_type=\"widget\" data-e-type=\"widget\" data-widget_type=\"heading.default\">\n\t\t\t\t<div class=\"elementor-widget-container\">\n\t\t\t\t\t<h1 class=\"elementor-heading-title elementor-size-default\">St\u00f8jreduktion<\/h1>\t\t\t\t<\/div>\n\t\t\t\t<\/div>\n\t\t<div class=\"elementor-element elementor-element-d57fc37 e-con-full e-flex e-con e-child\" data-id=\"d57fc37\" data-element_type=\"container\" data-e-type=\"container\">\n\t\t\t\t<div class=\"elementor-element elementor-element-76dfbf68 cta elementor-mobile-align-justify elementor-widget elementor-widget-button\" data-id=\"76dfbf68\" data-element_type=\"widget\" data-e-type=\"widget\" data-widget_type=\"button.default\">\n\t\t\t\t<div class=\"elementor-widget-container\">\n\t\t\t\t\t\t\t\t\t<div class=\"elementor-button-wrapper\">\n\t\t\t\t\t<a class=\"elementor-button elementor-button-link elementor-size-sm\" href=\"https:\/\/lj-sc.dk\/da\/kontakt\/\">\n\t\t\t\t\t\t<span class=\"elementor-button-content-wrapper\">\n\t\t\t\t\t\t\t\t\t<span class=\"elementor-button-text\">F\u00e5 r\u00e5dgivning<\/span>\n\t\t\t\t\t<\/span>\n\t\t\t\t\t<\/a>\n\t\t\t\t<\/div>\n\t\t\t\t\t\t\t\t<\/div>\n\t\t\t\t<\/div>\n\t\t\t\t<div class=\"elementor-element elementor-element-2f66cadc border white elementor-mobile-align-justify elementor-widget elementor-widget-button\" data-id=\"2f66cadc\" data-element_type=\"widget\" data-e-type=\"widget\" data-widget_type=\"button.default\">\n\t\t\t\t<div class=\"elementor-widget-container\">\n\t\t\t\t\t\t\t\t\t<div class=\"elementor-button-wrapper\">\n\t\t\t\t\t<a class=\"elementor-button elementor-button-link elementor-size-sm\" href=\"https:\/\/lj-sc.dk\/da\/kontakt\/\">\n\t\t\t\t\t\t<span class=\"elementor-button-content-wrapper\">\n\t\t\t\t\t\t\t\t\t<span class=\"elementor-button-text\">Kontakt os<\/span>\n\t\t\t\t\t<\/span>\n\t\t\t\t\t<\/a>\n\t\t\t\t<\/div>\n\t\t\t\t\t\t\t\t<\/div>\n\t\t\t\t<\/div>\n\t\t\t\t<\/div>\n\t\t\t\t<\/div>\n\t\t\t\t\t<\/div>\n\t\t\t\t<\/div>\n\t\t\t\t<\/div>\n\t\t<div class=\"elementor-element elementor-element-5dba83e8 light e-flex e-con-boxed e-con e-parent\" data-id=\"5dba83e8\" data-element_type=\"container\" data-e-type=\"container\">\n\t\t\t\t\t<div class=\"e-con-inner\">\n\t\t<div class=\"elementor-element elementor-element-263f200c e-con-full e-flex e-con e-child\" data-id=\"263f200c\" data-element_type=\"container\" data-e-type=\"container\" data-settings=\"{&quot;background_background&quot;:&quot;classic&quot;}\">\n\t\t\t\t<\/div>\n\t\t<div class=\"elementor-element elementor-element-730b752f e-con-full e-flex e-con e-child\" data-id=\"730b752f\" data-element_type=\"container\" data-e-type=\"container\">\n\t\t\t\t<div class=\"elementor-element elementor-element-62cb896f elementor-widget__width-initial elementor-widget-mobile__width-inherit elementor-widget elementor-widget-heading\" data-id=\"62cb896f\" data-element_type=\"widget\" data-e-type=\"widget\" data-widget_type=\"heading.default\">\n\t\t\t\t<div class=\"elementor-widget-container\">\n\t\t\t\t\t<h2 class=\"elementor-heading-title elementor-size-default\">St\u00f8jreduktion i vibrerende f\u00f8dere\n<\/h2>\t\t\t\t<\/div>\n\t\t\t\t<\/div>\n\t\t\t\t<div class=\"elementor-element elementor-element-78c0bdfd elementor-widget elementor-widget-text-editor\" data-id=\"78c0bdfd\" data-element_type=\"widget\" data-e-type=\"widget\" data-widget_type=\"text-editor.default\">\n\t\t\t\t<div class=\"elementor-widget-container\">\n\t\t\t\t\t\t\t\t\t<p>Vibrerende f\u00f8dere er essentielle i samle- og pakkelinjer, men deres funktionsprincip\u2014<br> bruger vibrationer til at bev\u00e6ge dele \u2013 genererer uundg\u00e5eligt betydelig st\u00f8j. Selvom dette h\u00f8jlydte<br> milj\u00f8et udg\u00f8r alvorlige sundhedsrisici, herunder h\u00f8retab, stress og tr\u00e6thed, virkningen<br> g\u00e5r ud over medarbejdernes velbefindende. St\u00f8jen i sig selv er et tegn p\u00e5 driftsm\u00e6ssig ineffektivitet.  <\/p><p>Lyden og vibrationerne fra dine foderautomater er ikke bare biprodukter; de er former for energi<br> der slipper ud af systemet. Dette er energi, du betaler for med elektricitet, men som ikke er<br> udf\u00f8rer det v\u00e6rdifulde arbejde med bev\u00e6gelige dele. Ved at implementere st\u00f8jreduktionsstrategier,<br> du indeholder denne energi direkte, hvilket g\u00f8r hele systemet mere effektivt.  <\/p>\t\t\t\t\t\t\t\t<\/div>\n\t\t\t\t<\/div>\n\t\t<div class=\"elementor-element elementor-element-33af7311 e-con-full e-flex e-con e-child\" data-id=\"33af7311\" data-element_type=\"container\" data-e-type=\"container\">\n\t\t\t\t<div class=\"elementor-element elementor-element-160c11bf cta elementor-mobile-align-justify elementor-widget-mobile__width-inherit elementor-widget elementor-widget-button\" data-id=\"160c11bf\" data-element_type=\"widget\" data-e-type=\"widget\" data-widget_type=\"button.default\">\n\t\t\t\t<div class=\"elementor-widget-container\">\n\t\t\t\t\t\t\t\t\t<div class=\"elementor-button-wrapper\">\n\t\t\t\t\t<a class=\"elementor-button elementor-button-link elementor-size-sm\" href=\"https:\/\/lj-sc.dk\/da\/kontakt\/\">\n\t\t\t\t\t\t<span class=\"elementor-button-content-wrapper\">\n\t\t\t\t\t\t\t\t\t<span class=\"elementor-button-text\">Anmod om et tilbud<\/span>\n\t\t\t\t\t<\/span>\n\t\t\t\t\t<\/a>\n\t\t\t\t<\/div>\n\t\t\t\t\t\t\t\t<\/div>\n\t\t\t\t<\/div>\n\t\t\t\t<\/div>\n\t\t\t\t<\/div>\n\t\t\t\t\t<\/div>\n\t\t\t\t<\/div>\n\t\t<div class=\"elementor-element elementor-element-18882d59 e-flex e-con-boxed e-con e-parent\" data-id=\"18882d59\" data-element_type=\"container\" data-e-type=\"container\" data-settings=\"{&quot;background_background&quot;:&quot;gradient&quot;}\">\n\t\t\t\t\t<div class=\"e-con-inner\">\n\t\t<div class=\"elementor-element elementor-element-34c554ce e-con-full e-flex e-con e-child\" data-id=\"34c554ce\" data-element_type=\"container\" data-e-type=\"container\">\n\t\t\t\t<div class=\"elementor-element elementor-element-23bd2780 elementor-widget__width-initial elementor-widget-mobile__width-inherit elementor-widget-tablet__width-inherit elementor-widget elementor-widget-heading\" data-id=\"23bd2780\" data-element_type=\"widget\" data-e-type=\"widget\" data-widget_type=\"heading.default\">\n\t\t\t\t<div class=\"elementor-widget-container\">\n\t\t\t\t\t<h2 class=\"elementor-heading-title elementor-size-default\">En dobbelt fordel: Sikkerhed og besparelser\n<\/h2>\t\t\t\t<\/div>\n\t\t\t\t<\/div>\n\t\t\t\t<div class=\"elementor-element elementor-element-645c1cd2 elementor-widget elementor-widget-text-editor\" data-id=\"645c1cd2\" data-element_type=\"widget\" data-e-type=\"widget\" data-widget_type=\"text-editor.default\">\n\t\t\t\t<div class=\"elementor-widget-container\">\n\t\t\t\t\t\t\t\t\t<div class=\"CjVfdc\">Beskyttelse af medarbejdernes sundhed er fortsat den vigtigste \u00e5rsag til handling. De samme foranstaltninger, der skaber en sikrere arbejdsplads \u2013 s\u00e5som d\u00e6mpning af vibrationer og indd\u00e6mning af lyd \u2013 giver dog en afg\u00f8rende sekund\u00e6r fordel: betydelige energibesparelser. Derfor er investering i st\u00f8jreduktion mere end blot at opfylde lovgivningsm\u00e6ssige krav og beskytte dine medarbejdere. Det er en direkte investering i forbedret driftseffektivitet og reduceret energiforbrug, der forvandler en n\u00f8dvendig sikkerhedsforanstaltning til en kilde til omkostningsbesparelser.   <\/div>\t\t\t\t\t\t\t\t<\/div>\n\t\t\t\t<\/div>\n\t\t\t\t<\/div>\n\t\t<div class=\"elementor-element elementor-element-5d104a94 e-con-full e-flex e-con e-child\" data-id=\"5d104a94\" data-element_type=\"container\" data-e-type=\"container\">\n\t\t<div class=\"elementor-element elementor-element-70cbe7b8 e-con-full e-flex e-con e-child\" data-id=\"70cbe7b8\" data-element_type=\"container\" data-e-type=\"container\" data-settings=\"{&quot;background_background&quot;:&quot;classic&quot;}\">\n\t\t\t\t<\/div>\n\t\t<div class=\"elementor-element elementor-element-3fd722d8 e-con-full e-flex e-con e-child\" data-id=\"3fd722d8\" data-element_type=\"container\" data-e-type=\"container\">\n\t\t\t\t<div class=\"elementor-element elementor-element-a3a6485 white elementor-widget elementor-widget-text-editor\" data-id=\"a3a6485\" data-element_type=\"widget\" data-e-type=\"widget\" data-widget_type=\"text-editor.default\">\n\t\t\t\t<div class=\"elementor-widget-container\">\n\t\t\t\t\t\t\t\t\t<h2>Hos Service Consult ApS bruger vi tre forskellige strategier til st\u00f8jreduktion:<\/h2><ol><li>Optimering af udstyr gennem service og vedligeholdelse; nogle gange den enkleste<br> l\u00f8sninger overses. <span data-olk-copy-source=\"MessageBody\">Amplitudejusteringer<\/span> , afstemte fjedre, inspektion og korrektion af alle<br> f\u00f8derdele.<\/li><li>Design og installation af modv\u00e6gte afbalancerer vibrationerne og forhindrer tab af<br> energi ved at ryste strukturen eller gulvet.<\/li><li>Design og montering af akustiske indkapslinger til at indd\u00e6mme lyden.<br>Ved at implementere disse strategier er det realistisk at opn\u00e5 en st\u00f8jreduktion, dB(A), for<br>vibrerende f\u00f8desystem, og det f\u00e5r ikke bare tallet p\u00e5 en m\u00e5ler til at g\u00e5 ned; det har<br>h\u00e5ndgribelige fordele:<p>\u2022 <span data-olk-copy-source=\"MessageBody\">Energieffektivitet<\/span> : ved at undg\u00e5, at energien slipper ud af systemet.<br> \u2022 H\u00f8rebeskyttelse: Reducerer st\u00f8jniveauet for at beskytte medarbejdernes h\u00f8relse.<br> \u2022 Forbedret kommunikation: G\u00f8r det lettere at forst\u00e5 verbale instruktioner og advarselssignaler<br> h\u00f8re.<br> \u2022 Forbedret moral og produktivitet: En mere stille arbejdsplads er mindre stressende og mere<br> fokuseret milj\u00f8.<br> \u2022 <span data-olk-copy-source=\"MessageBody\">Overholdelse af regler: Bidrager til overholdelse af regler s\u00e5som OSHA, HSE og andre arbejdsmilj\u00f8standarder.<\/span><\/p><\/li><\/ol>\t\t\t\t\t\t\t\t<\/div>\n\t\t\t\t<\/div>\n\t\t\t\t<\/div>\n\t\t\t\t<\/div>\n\t\t\t\t\t<\/div>\n\t\t\t\t<\/div>\n\t\t<div class=\"elementor-element elementor-element-3d7dd85 e-flex e-con-boxed e-con e-parent\" data-id=\"3d7dd85\" data-element_type=\"container\" data-e-type=\"container\" data-settings=\"{&quot;background_background&quot;:&quot;classic&quot;}\">\n\t\t\t\t\t<div class=\"e-con-inner\">\n\t\t<div class=\"elementor-element elementor-element-378bf892 e-con-full e-flex e-con e-child\" data-id=\"378bf892\" data-element_type=\"container\" data-e-type=\"container\">\n\t\t\t\t<div class=\"elementor-element elementor-element-9ae61b3 elementor-widget elementor-widget-text-editor\" data-id=\"9ae61b3\" data-element_type=\"widget\" data-e-type=\"widget\" data-widget_type=\"text-editor.default\">\n\t\t\t\t<div class=\"elementor-widget-container\">\n\t\t\t\t\t\t\t\t\t<p>Kontakt os<\/p>\t\t\t\t\t\t\t\t<\/div>\n\t\t\t\t<\/div>\n\t\t\t\t<div class=\"elementor-element elementor-element-1f806ccc elementor-widget elementor-widget-text-editor\" data-id=\"1f806ccc\" data-element_type=\"widget\" data-e-type=\"widget\" data-widget_type=\"text-editor.default\">\n\t\t\t\t<div class=\"elementor-widget-container\">\n\t\t\t\t\t\t\t\t\t<p>Uanset om du s\u00f8ger bedre l\u00f8sninger til at forbedre din produktionslinje eller forbedre din vedligeholdelsesstrategi for at \u00f8ge den samlede OEE, er Service Consult ApS din betroede partner inden for p\u00e5lidelighed i <span data-olk-copy-source=\"MessageBody\">topklasse<\/span> .<\/p>\t\t\t\t\t\t\t\t<\/div>\n\t\t\t\t<\/div>\n\t\t\t\t<div class=\"elementor-element elementor-element-7297d44 elementor-icon-list--layout-traditional elementor-list-item-link-full_width elementor-widget elementor-widget-icon-list\" data-id=\"7297d44\" data-element_type=\"widget\" data-e-type=\"widget\" data-widget_type=\"icon-list.default\">\n\t\t\t\t<div class=\"elementor-widget-container\">\n\t\t\t\t\t\t\t<ul class=\"elementor-icon-list-items\">\n\t\t\t\t\t\t\t<li class=\"elementor-icon-list-item\">\n\t\t\t\t\t\t\t\t\t\t\t<span class=\"elementor-icon-list-icon\">\n\t\t\t\t\t\t\t<i aria-hidden=\"true\" class=\"far fa-check\"><\/i>\t\t\t\t\t\t<\/span>\n\t\t\t\t\t\t\t\t\t\t<span class=\"elementor-icon-list-text\">Dyb teknisk ekspertise inden for vibrationsteknologi<\/span>\n\t\t\t\t\t\t\t\t\t<\/li>\n\t\t\t\t\t\t\t\t<li class=\"elementor-icon-list-item\">\n\t\t\t\t\t\t\t\t\t\t\t<span class=\"elementor-icon-list-icon\">\n\t\t\t\t\t\t\t<i aria-hidden=\"true\" class=\"far fa-check\"><\/i>\t\t\t\t\t\t<\/span>\n\t\t\t\t\t\t\t\t\t\t<span class=\"elementor-icon-list-text\">Tilpassede, skalerbare l\u00f8sninger til virksomheder af enhver st\u00f8rrelse<\/span>\n\t\t\t\t\t\t\t\t\t<\/li>\n\t\t\t\t\t\t\t\t<li class=\"elementor-icon-list-item\">\n\t\t\t\t\t\t\t\t\t\t\t<span class=\"elementor-icon-list-icon\">\n\t\t\t\t\t\t\t<i aria-hidden=\"true\" class=\"far fa-check\"><\/i>\t\t\t\t\t\t<\/span>\n\t\t\t\t\t\t\t\t\t\t<span class=\"elementor-icon-list-text\">Fokus p\u00e5 langsigtet p\u00e5lidelighed og omkostningsreduktion<\/span>\n\t\t\t\t\t\t\t\t\t<\/li>\n\t\t\t\t\t\t<\/ul>\n\t\t\t\t\t\t<\/div>\n\t\t\t\t<\/div>\n\t\t\t\t<div class=\"elementor-element elementor-element-505aef3d elementor-icon-list--layout-traditional elementor-list-item-link-full_width elementor-widget elementor-widget-icon-list\" data-id=\"505aef3d\" data-element_type=\"widget\" data-e-type=\"widget\" data-widget_type=\"icon-list.default\">\n\t\t\t\t<div class=\"elementor-widget-container\">\n\t\t\t\t\t\t\t<ul class=\"elementor-icon-list-items\">\n\t\t\t\t\t\t\t<li class=\"elementor-icon-list-item\">\n\t\t\t\t\t\t\t\t\t\t<span class=\"elementor-icon-list-text\"><a href=\"tel:+(45) 30 63 73 63\" aria-label=\"Telefon nummer\">+(45) 30 63 73 63<\/a><\/span>\n\t\t\t\t\t\t\t\t\t<\/li>\n\t\t\t\t\t\t<\/ul>\n\t\t\t\t\t\t<\/div>\n\t\t\t\t<\/div>\n\t\t\t\t<\/div>\n\t\t<div class=\"elementor-element elementor-element-9f7ce47 e-con-full e-flex e-con e-child\" data-id=\"9f7ce47\" data-element_type=\"container\" data-e-type=\"container\">\n\t\t<div class=\"elementor-element elementor-element-44fa716d e-con-full e-flex e-con e-child\" data-id=\"44fa716d\" data-element_type=\"container\" data-e-type=\"container\" data-settings=\"{&quot;background_background&quot;:&quot;classic&quot;}\">\n\t\t<div class=\"elementor-element elementor-element-6f8bacb6 e-con-full e-flex e-con e-child\" data-id=\"6f8bacb6\" data-element_type=\"container\" data-e-type=\"container\">\n\t\t<div class=\"elementor-element elementor-element-6af7e00 e-con-full e-flex e-con e-child\" data-id=\"6af7e00\" data-element_type=\"container\" data-e-type=\"container\">\n\t\t\t\t<div class=\"elementor-element elementor-element-12e2c267 elementor-widget__width-initial elementor-widget-mobile__width-inherit elementor-widget-tablet__width-inherit elementor-widget elementor-widget-heading\" data-id=\"12e2c267\" data-element_type=\"widget\" data-e-type=\"widget\" data-widget_type=\"heading.default\">\n\t\t\t\t<div class=\"elementor-widget-container\">\n\t\t\t\t\t<h2 class=\"elementor-heading-title elementor-size-default\">Vi gl\u00e6der os til at h\u00f8re fra dig!<\/h2>\t\t\t\t<\/div>\n\t\t\t\t<\/div>\n\t\t\t\t<div class=\"elementor-element elementor-element-61f08407 elementor-widget elementor-widget-text-editor\" data-id=\"61f08407\" data-element_type=\"widget\" data-e-type=\"widget\" data-widget_type=\"text-editor.default\">\n\t\t\t\t<div class=\"elementor-widget-container\">\n\t\t\t\t\t\t\t\t\t<p>Kontakt os i dag for at aftale en konsultation eller for at f\u00e5 et tr\u00e6ningsprogram skr\u00e6ddersyet til dit teams behov.<\/p>\t\t\t\t\t\t\t\t<\/div>\n\t\t\t\t<\/div>\n\t\t\t\t<\/div>\n\t\t\t\t<\/div>\n\t\t\t\t<div class=\"elementor-element elementor-element-c61bf11 elementor-widget-divider--view-line elementor-widget elementor-widget-divider\" data-id=\"c61bf11\" data-element_type=\"widget\" data-e-type=\"widget\" data-widget_type=\"divider.default\">\n\t\t\t\t<div class=\"elementor-widget-container\">\n\t\t\t\t\t\t\t<div class=\"elementor-divider\">\n\t\t\t<span class=\"elementor-divider-separator\">\n\t\t\t\t\t\t<\/span>\n\t\t<\/div>\n\t\t\t\t\t\t<\/div>\n\t\t\t\t<\/div>\n\t\t\t\t<div class=\"elementor-element elementor-element-1c9c84f elementor-widget elementor-widget-shortcode\" data-id=\"1c9c84f\" data-element_type=\"widget\" data-e-type=\"widget\" data-widget_type=\"shortcode.default\">\n\t\t\t\t<div class=\"elementor-widget-container\">\n\t\t\t\t\t\t\t<div class=\"elementor-shortcode\"><form id=\"forminator-module-10342\" class=\"forminator-custom-form forminator-custom-form-10342\" method=\"post\" data-forminator-render=\"0\" data-uid=\"69d0a7a605f6e\"><div role=\"alert\" aria-live=\"polite\" class=\"forminator-response-message forminator-error\" aria-hidden=\"true\"><\/div><\/form><\/div>\n\t\t\t\t\t\t<\/div>\n\t\t\t\t<\/div>\n\t\t\t\t<\/div>\n\t\t\t\t<\/div>\n\t\t\t\t\t<\/div>\n\t\t\t\t<\/div>\n\t\t\t\t<\/div>\n\t\t","protected":false},"excerpt":{"rendered":"<p>St\u00f8jreduktion F\u00e5 r\u00e5dgivning Kontakt os St\u00f8jreduktion i vibrerende f\u00f8dere Vibrerende f\u00f8dere er essentielle i samle- og pakkelinjer, men deres funktionsprincip\u2014 bruger vibrationer til at bev\u00e6ge dele \u2013 genererer uundg\u00e5eligt betydelig st\u00f8j. Selvom dette h\u00f8jlydte milj\u00f8et udg\u00f8r alvorlige sundhedsrisici, herunder h\u00f8retab, stress og tr\u00e6thed, virkningen g\u00e5r ud over medarbejdernes velbefindende. St\u00f8jen i sig selv er et &#8230; <a title=\"St\u00f8jreduktion\" class=\"read-more\" href=\"https:\/\/lj-sc.dk\/da\/stoejreduktion\/\" aria-label=\"Read more about St\u00f8jreduktion\">L\u00e6s Mere<\/a><\/p>\n","protected":false},"author":5,"featured_media":0,"parent":0,"menu_order":1001,"comment_status":"closed","ping_status":"closed","template":"","meta":{"_acf_changed":false,"footnotes":""},"categories":[],"class_list":["post-10060","page","type-page","status-publish"],"acf":[],"yoast_head":"<!-- This site is optimized with the Yoast SEO plugin v27.3 - https:\/\/yoast.com\/product\/yoast-seo-wordpress\/ -->\n<title>St\u00f8jreduktion | SERVICE CONSULT ApS<\/title>\n<meta name=\"robots\" content=\"index, follow, max-snippet:-1, max-image-preview:large, max-video-preview:-1\" \/>\n<link rel=\"canonical\" href=\"https:\/\/lj-sc.dk\/da\/stoejreduktion\/\" \/>\n<meta property=\"og:locale\" content=\"da_DK\" \/>\n<meta property=\"og:type\" content=\"article\" \/>\n<meta property=\"og:title\" content=\"St\u00f8jreduktion | SERVICE CONSULT ApS\" \/>\n<meta property=\"og:description\" content=\"St\u00f8jreduktion F\u00e5 r\u00e5dgivning Kontakt os St\u00f8jreduktion i vibrerende f\u00f8dere Vibrerende f\u00f8dere er essentielle i samle- og pakkelinjer, men deres funktionsprincip\u2014 bruger vibrationer til at bev\u00e6ge dele \u2013 genererer uundg\u00e5eligt betydelig st\u00f8j. Selvom dette h\u00f8jlydte milj\u00f8et udg\u00f8r alvorlige sundhedsrisici, herunder h\u00f8retab, stress og tr\u00e6thed, virkningen g\u00e5r ud over medarbejdernes velbefindende. St\u00f8jen i sig selv er et ... L\u00e6s Mere\" \/>\n<meta property=\"og:url\" content=\"https:\/\/lj-sc.dk\/da\/stoejreduktion\/\" \/>\n<meta property=\"og:site_name\" content=\"SERVICE CONSULT ApS\" \/>\n<meta property=\"article:modified_time\" content=\"2025-11-21T11:08:24+00:00\" \/>\n<meta name=\"twitter:card\" content=\"summary_large_image\" \/>\n<meta name=\"twitter:label1\" content=\"Estimeret l\u00e6setid\" \/>\n\t<meta name=\"twitter:data1\" content=\"2 minutter\" \/>\n<script type=\"application\/ld+json\" class=\"yoast-schema-graph\">{\"@context\":\"https:\\\/\\\/schema.org\",\"@graph\":[{\"@type\":\"WebPage\",\"@id\":\"https:\\\/\\\/lj-sc.dk\\\/da\\\/stoejreduktion\\\/\",\"url\":\"https:\\\/\\\/lj-sc.dk\\\/da\\\/stoejreduktion\\\/\",\"name\":\"St\u00f8jreduktion | SERVICE CONSULT ApS\",\"isPartOf\":{\"@id\":\"https:\\\/\\\/lj-sc.dk\\\/da\\\/#website\"},\"datePublished\":\"2025-10-08T07:21:44+00:00\",\"dateModified\":\"2025-11-21T11:08:24+00:00\",\"breadcrumb\":{\"@id\":\"https:\\\/\\\/lj-sc.dk\\\/da\\\/stoejreduktion\\\/#breadcrumb\"},\"inLanguage\":\"da-DK\",\"potentialAction\":[{\"@type\":\"ReadAction\",\"target\":[\"https:\\\/\\\/lj-sc.dk\\\/da\\\/stoejreduktion\\\/\"]}]},{\"@type\":\"BreadcrumbList\",\"@id\":\"https:\\\/\\\/lj-sc.dk\\\/da\\\/stoejreduktion\\\/#breadcrumb\",\"itemListElement\":[{\"@type\":\"ListItem\",\"position\":1,\"name\":\"Forside\",\"item\":\"https:\\\/\\\/lj-sc.dk\\\/da\\\/\"},{\"@type\":\"ListItem\",\"position\":2,\"name\":\"St\u00f8jreduktion\"}]},{\"@type\":\"WebSite\",\"@id\":\"https:\\\/\\\/lj-sc.dk\\\/da\\\/#website\",\"url\":\"https:\\\/\\\/lj-sc.dk\\\/da\\\/\",\"name\":\"SERVICE CONSULT ApS\",\"description\":\"Professional training in industrial vibration technology\",\"publisher\":{\"@id\":\"https:\\\/\\\/lj-sc.dk\\\/da\\\/#organization\"},\"potentialAction\":[{\"@type\":\"SearchAction\",\"target\":{\"@type\":\"EntryPoint\",\"urlTemplate\":\"https:\\\/\\\/lj-sc.dk\\\/da\\\/?s={search_term_string}\"},\"query-input\":{\"@type\":\"PropertyValueSpecification\",\"valueRequired\":true,\"valueName\":\"search_term_string\"}}],\"inLanguage\":\"da-DK\"},{\"@type\":\"Organization\",\"@id\":\"https:\\\/\\\/lj-sc.dk\\\/da\\\/#organization\",\"name\":\"SERVICE CONSULT ApS\",\"url\":\"https:\\\/\\\/lj-sc.dk\\\/da\\\/\",\"logo\":{\"@type\":\"ImageObject\",\"inLanguage\":\"da-DK\",\"@id\":\"https:\\\/\\\/lj-sc.dk\\\/da\\\/#\\\/schema\\\/logo\\\/image\\\/\",\"url\":\"https:\\\/\\\/lj-sc.dk\\\/wp-content\\\/uploads\\\/2025\\\/07\\\/logo.png\",\"contentUrl\":\"https:\\\/\\\/lj-sc.dk\\\/wp-content\\\/uploads\\\/2025\\\/07\\\/logo.png\",\"width\":351,\"height\":229,\"caption\":\"SERVICE CONSULT ApS\"},\"image\":{\"@id\":\"https:\\\/\\\/lj-sc.dk\\\/da\\\/#\\\/schema\\\/logo\\\/image\\\/\"}}]}<\/script>\n<!-- \/ Yoast SEO plugin. -->","yoast_head_json":{"title":"St\u00f8jreduktion | SERVICE CONSULT ApS","robots":{"index":"index","follow":"follow","max-snippet":"max-snippet:-1","max-image-preview":"max-image-preview:large","max-video-preview":"max-video-preview:-1"},"canonical":"https:\/\/lj-sc.dk\/da\/stoejreduktion\/","og_locale":"da_DK","og_type":"article","og_title":"St\u00f8jreduktion | SERVICE CONSULT ApS","og_description":"St\u00f8jreduktion F\u00e5 r\u00e5dgivning Kontakt os St\u00f8jreduktion i vibrerende f\u00f8dere Vibrerende f\u00f8dere er essentielle i samle- og pakkelinjer, men deres funktionsprincip\u2014 bruger vibrationer til at bev\u00e6ge dele \u2013 genererer uundg\u00e5eligt betydelig st\u00f8j. Selvom dette h\u00f8jlydte milj\u00f8et udg\u00f8r alvorlige sundhedsrisici, herunder h\u00f8retab, stress og tr\u00e6thed, virkningen g\u00e5r ud over medarbejdernes velbefindende. St\u00f8jen i sig selv er et ... L\u00e6s Mere","og_url":"https:\/\/lj-sc.dk\/da\/stoejreduktion\/","og_site_name":"SERVICE CONSULT ApS","article_modified_time":"2025-11-21T11:08:24+00:00","twitter_card":"summary_large_image","twitter_misc":{"Estimeret l\u00e6setid":"2 minutter"},"schema":{"@context":"https:\/\/schema.org","@graph":[{"@type":"WebPage","@id":"https:\/\/lj-sc.dk\/da\/stoejreduktion\/","url":"https:\/\/lj-sc.dk\/da\/stoejreduktion\/","name":"St\u00f8jreduktion | SERVICE CONSULT ApS","isPartOf":{"@id":"https:\/\/lj-sc.dk\/da\/#website"},"datePublished":"2025-10-08T07:21:44+00:00","dateModified":"2025-11-21T11:08:24+00:00","breadcrumb":{"@id":"https:\/\/lj-sc.dk\/da\/stoejreduktion\/#breadcrumb"},"inLanguage":"da-DK","potentialAction":[{"@type":"ReadAction","target":["https:\/\/lj-sc.dk\/da\/stoejreduktion\/"]}]},{"@type":"BreadcrumbList","@id":"https:\/\/lj-sc.dk\/da\/stoejreduktion\/#breadcrumb","itemListElement":[{"@type":"ListItem","position":1,"name":"Forside","item":"https:\/\/lj-sc.dk\/da\/"},{"@type":"ListItem","position":2,"name":"St\u00f8jreduktion"}]},{"@type":"WebSite","@id":"https:\/\/lj-sc.dk\/da\/#website","url":"https:\/\/lj-sc.dk\/da\/","name":"SERVICE CONSULT ApS","description":"Professional training in industrial vibration technology","publisher":{"@id":"https:\/\/lj-sc.dk\/da\/#organization"},"potentialAction":[{"@type":"SearchAction","target":{"@type":"EntryPoint","urlTemplate":"https:\/\/lj-sc.dk\/da\/?s={search_term_string}"},"query-input":{"@type":"PropertyValueSpecification","valueRequired":true,"valueName":"search_term_string"}}],"inLanguage":"da-DK"},{"@type":"Organization","@id":"https:\/\/lj-sc.dk\/da\/#organization","name":"SERVICE CONSULT ApS","url":"https:\/\/lj-sc.dk\/da\/","logo":{"@type":"ImageObject","inLanguage":"da-DK","@id":"https:\/\/lj-sc.dk\/da\/#\/schema\/logo\/image\/","url":"https:\/\/lj-sc.dk\/wp-content\/uploads\/2025\/07\/logo.png","contentUrl":"https:\/\/lj-sc.dk\/wp-content\/uploads\/2025\/07\/logo.png","width":351,"height":229,"caption":"SERVICE CONSULT ApS"},"image":{"@id":"https:\/\/lj-sc.dk\/da\/#\/schema\/logo\/image\/"}}]}},"_links":{"self":[{"href":"https:\/\/lj-sc.dk\/da\/wp-json\/wp\/v2\/pages\/10060","targetHints":{"allow":["GET"]}}],"collection":[{"href":"https:\/\/lj-sc.dk\/da\/wp-json\/wp\/v2\/pages"}],"about":[{"href":"https:\/\/lj-sc.dk\/da\/wp-json\/wp\/v2\/types\/page"}],"author":[{"embeddable":true,"href":"https:\/\/lj-sc.dk\/da\/wp-json\/wp\/v2\/users\/5"}],"replies":[{"embeddable":true,"href":"https:\/\/lj-sc.dk\/da\/wp-json\/wp\/v2\/comments?post=10060"}],"version-history":[{"count":10,"href":"https:\/\/lj-sc.dk\/da\/wp-json\/wp\/v2\/pages\/10060\/revisions"}],"predecessor-version":[{"id":10511,"href":"https:\/\/lj-sc.dk\/da\/wp-json\/wp\/v2\/pages\/10060\/revisions\/10511"}],"wp:attachment":[{"href":"https:\/\/lj-sc.dk\/da\/wp-json\/wp\/v2\/media?parent=10060"}],"wp:term":[{"taxonomy":"category","embeddable":true,"href":"https:\/\/lj-sc.dk\/da\/wp-json\/wp\/v2\/categories?post=10060"}],"curies":[{"name":"wp","href":"https:\/\/api.w.org\/{rel}","templated":true}]}}