{"id":10069,"date":"2025-10-22T10:30:14","date_gmt":"2025-10-22T08:30:14","guid":{"rendered":"https:\/\/lj-sc.dk\/uddannelse-i-vibrationsteknologi\/"},"modified":"2025-11-14T13:22:49","modified_gmt":"2025-11-14T12:22:49","slug":"uddannelse-i-vibrationsteknologi","status":"publish","type":"page","link":"https:\/\/lj-sc.dk\/da\/uddannelse-i-vibrationsteknologi\/","title":{"rendered":"Uddannelse i vibrationsteknologi"},"content":{"rendered":"\t\t<div data-elementor-type=\"wp-page\" data-elementor-id=\"10069\" class=\"elementor elementor-10069 elementor-9822\" data-elementor-post-type=\"page\">\n\t\t\t\t<div class=\"elementor-element elementor-element-bc33323 e-con-full e-flex e-con e-parent\" data-id=\"bc33323\" data-element_type=\"container\" data-e-type=\"container\" data-settings=\"{&quot;background_background&quot;:&quot;gradient&quot;}\">\n\t\t<div class=\"elementor-element elementor-element-07538d0 e-flex e-con-boxed e-con e-child\" data-id=\"07538d0\" data-element_type=\"container\" data-e-type=\"container\" data-settings=\"{&quot;background_background&quot;:&quot;classic&quot;}\">\n\t\t\t\t\t<div class=\"e-con-inner\">\n\t\t<div class=\"elementor-element elementor-element-56c819d e-con-full e-flex e-con e-child\" data-id=\"56c819d\" data-element_type=\"container\" data-e-type=\"container\">\n\t\t\t\t<div class=\"elementor-element elementor-element-16425c8 elementor-widget elementor-widget-heading\" data-id=\"16425c8\" data-element_type=\"widget\" data-e-type=\"widget\" data-widget_type=\"heading.default\">\n\t\t\t\t<div class=\"elementor-widget-container\">\n\t\t\t\t\t<h1 class=\"elementor-heading-title elementor-size-default\">Tr\u00e6ning i vibrationsteknologi<\/h1>\t\t\t\t<\/div>\n\t\t\t\t<\/div>\n\t\t<div class=\"elementor-element elementor-element-6417704 e-con-full e-flex e-con e-child\" data-id=\"6417704\" data-element_type=\"container\" data-e-type=\"container\">\n\t\t\t\t<div class=\"elementor-element elementor-element-c657336 cta elementor-mobile-align-justify elementor-widget elementor-widget-button\" data-id=\"c657336\" data-element_type=\"widget\" data-e-type=\"widget\" data-widget_type=\"button.default\">\n\t\t\t\t<div class=\"elementor-widget-container\">\n\t\t\t\t\t\t\t\t\t<div class=\"elementor-button-wrapper\">\n\t\t\t\t\t<a class=\"elementor-button elementor-button-link elementor-size-sm\" href=\"\/da\/kontakt\/\">\n\t\t\t\t\t\t<span class=\"elementor-button-content-wrapper\">\n\t\t\t\t\t\t\t\t\t<span class=\"elementor-button-text\">Brug for hj\u00e6lp?<\/span>\n\t\t\t\t\t<\/span>\n\t\t\t\t\t<\/a>\n\t\t\t\t<\/div>\n\t\t\t\t\t\t\t\t<\/div>\n\t\t\t\t<\/div>\n\t\t\t\t<div class=\"elementor-element elementor-element-78fb0bb border white elementor-mobile-align-justify elementor-widget elementor-widget-button\" data-id=\"78fb0bb\" data-element_type=\"widget\" data-e-type=\"widget\" data-widget_type=\"button.default\">\n\t\t\t\t<div class=\"elementor-widget-container\">\n\t\t\t\t\t\t\t\t\t<div class=\"elementor-button-wrapper\">\n\t\t\t\t\t<a class=\"elementor-button elementor-button-link elementor-size-sm\" href=\"\/da\/kontakt\/\">\n\t\t\t\t\t\t<span class=\"elementor-button-content-wrapper\">\n\t\t\t\t\t\t\t\t\t<span class=\"elementor-button-text\">Kontakt<\/span>\n\t\t\t\t\t<\/span>\n\t\t\t\t\t<\/a>\n\t\t\t\t<\/div>\n\t\t\t\t\t\t\t\t<\/div>\n\t\t\t\t<\/div>\n\t\t\t\t<\/div>\n\t\t\t\t<\/div>\n\t\t\t\t\t<\/div>\n\t\t\t\t<\/div>\n\t\t\t\t<\/div>\n\t\t<div class=\"elementor-element elementor-element-7bd8081 light e-flex e-con-boxed e-con e-parent\" data-id=\"7bd8081\" data-element_type=\"container\" data-e-type=\"container\">\n\t\t\t\t\t<div class=\"e-con-inner\">\n\t\t<div class=\"elementor-element elementor-element-ad13948 e-con-full e-flex e-con e-child\" data-id=\"ad13948\" data-element_type=\"container\" data-e-type=\"container\" data-settings=\"{&quot;background_background&quot;:&quot;classic&quot;}\">\n\t\t\t\t<div class=\"elementor-element elementor-element-96fe5e8 elementor-widget elementor-widget-image\" data-id=\"96fe5e8\" data-element_type=\"widget\" data-e-type=\"widget\" data-widget_type=\"image.default\">\n\t\t\t\t<div class=\"elementor-widget-container\">\n\t\t\t\t\t\t\t\t\t\t\t\t\t\t\t<img fetchpriority=\"high\" decoding=\"async\" width=\"2048\" height=\"1536\" src=\"https:\/\/lj-sc.dk\/wp-content\/uploads\/2025\/10\/2-scaled.jpeg\" class=\"attachment-full size-full wp-image-10043\" alt=\"\" srcset=\"https:\/\/lj-sc.dk\/wp-content\/uploads\/2025\/10\/2-scaled.jpeg 2048w, https:\/\/lj-sc.dk\/wp-content\/uploads\/2025\/10\/2-500x375.jpeg 500w, https:\/\/lj-sc.dk\/wp-content\/uploads\/2025\/10\/2-1000x750.jpeg 1000w, https:\/\/lj-sc.dk\/wp-content\/uploads\/2025\/10\/2-768x576.jpeg 768w, https:\/\/lj-sc.dk\/wp-content\/uploads\/2025\/10\/2-1536x1152.jpeg 1536w\" sizes=\"(max-width: 2048px) 100vw, 2048px\" \/>\t\t\t\t\t\t\t\t\t\t\t\t\t\t\t<\/div>\n\t\t\t\t<\/div>\n\t\t\t\t<\/div>\n\t\t<div class=\"elementor-element elementor-element-b0b0a71 e-con-full e-flex e-con e-child\" data-id=\"b0b0a71\" data-element_type=\"container\" data-e-type=\"container\">\n\t\t\t\t<div class=\"elementor-element elementor-element-658cc08 elementor-widget elementor-widget-text-editor\" data-id=\"658cc08\" data-element_type=\"widget\" data-e-type=\"widget\" data-widget_type=\"text-editor.default\">\n\t\t\t\t<div class=\"elementor-widget-container\">\n\t\t\t\t\t\t\t\t\t<h2>Tr\u00e6ning i vibrationsteknologi<\/h2><p data-start=\"0\" data-end=\"202\">Hos Service Consult ApS forst\u00e5r vi, at f\u00f8desystemet er afg\u00f8rende for produktiviteten i produktionen, og vi anerkender den vigtige rolle, som jeres vedligeholdelsespersonale spiller i denne proces.<\/p><p data-start=\"204\" data-end=\"490\">Balancering af f\u00f8dere \u00f8ger effektiviteten markant, idet den vibrerende energi overf\u00f8res til bev\u00e6gelsen af elementerne i stedet for at g\u00e5 tabt i gulvet. Dette reducerer maskinst\u00f8jen, skaber et bedre arbejdsmilj\u00f8 og sparer str\u00f8m ved at udnytte den mest effektive m\u00e6ngde hertz og ampere.<\/p><p data-start=\"492\" data-end=\"728\">Vores Tr\u00e6ning i Vibrationsteknologi er et omfattende program, der giver jeres vedligeholdelsesteam indg\u00e5ende viden om de forskellige komponenter i f\u00f8desystemer, fejlfindingsteknikker, \u00e5rsagsanalyse og forebyggende vedligeholdelse.<\/p>\t\t\t\t\t\t\t\t<\/div>\n\t\t\t\t<\/div>\n\t\t\t\t<\/div>\n\t\t\t\t\t<\/div>\n\t\t\t\t<\/div>\n\t\t<div class=\"elementor-element elementor-element-8b65a43 e-flex e-con-boxed e-con e-parent\" data-id=\"8b65a43\" data-element_type=\"container\" data-e-type=\"container\">\n\t\t\t\t\t<div class=\"e-con-inner\">\n\t\t<div class=\"elementor-element elementor-element-730bf01 e-con-full e-flex e-con e-child\" data-id=\"730bf01\" data-element_type=\"container\" data-e-type=\"container\" data-settings=\"{&quot;background_background&quot;:&quot;classic&quot;}\">\n\t\t\t\t<div class=\"elementor-element elementor-element-ddeb904 elementor-widget elementor-widget-image\" data-id=\"ddeb904\" data-element_type=\"widget\" data-e-type=\"widget\" data-widget_type=\"image.default\">\n\t\t\t\t<div class=\"elementor-widget-container\">\n\t\t\t\t\t\t\t\t\t\t\t\t\t\t\t<img decoding=\"async\" width=\"750\" height=\"1000\" src=\"https:\/\/lj-sc.dk\/wp-content\/uploads\/2025\/11\/thumbnail_PIC-1-750x1000.jpg\" class=\"attachment-large size-large wp-image-10425\" alt=\"\" srcset=\"https:\/\/lj-sc.dk\/wp-content\/uploads\/2025\/11\/thumbnail_PIC-1-750x1000.jpg 750w, https:\/\/lj-sc.dk\/wp-content\/uploads\/2025\/11\/thumbnail_PIC-1-375x500.jpg 375w, https:\/\/lj-sc.dk\/wp-content\/uploads\/2025\/11\/thumbnail_PIC-1-768x1024.jpg 768w, https:\/\/lj-sc.dk\/wp-content\/uploads\/2025\/11\/thumbnail_PIC-1-1152x1536.jpg 1152w, https:\/\/lj-sc.dk\/wp-content\/uploads\/2025\/11\/thumbnail_PIC-1.jpg 1440w\" sizes=\"(max-width: 750px) 100vw, 750px\" \/>\t\t\t\t\t\t\t\t\t\t\t\t\t\t\t<\/div>\n\t\t\t\t<\/div>\n\t\t\t\t<\/div>\n\t\t<div class=\"elementor-element elementor-element-6f8a998 e-con-full e-flex e-con e-child\" data-id=\"6f8a998\" data-element_type=\"container\" data-e-type=\"container\">\n\t\t\t\t<div class=\"elementor-element elementor-element-622f2da elementor-widget elementor-widget-text-editor\" data-id=\"622f2da\" data-element_type=\"widget\" data-e-type=\"widget\" data-widget_type=\"text-editor.default\">\n\t\t\t\t<div class=\"elementor-widget-container\">\n\t\t\t\t\t\t\t\t\t<p data-start=\"730\" data-end=\"1070\">Tr\u00e6ningen i vibrationsteknologi best\u00e5r af to dele. Den f\u00f8rste del giver al n\u00f8dvendig teoretisk viden samt en omfattende mappe med reference\u00admateriale, som altid vil v\u00e6re nyttig i arbejdet med f\u00f8derne. Den anden del er en praktisk, hands-on dag, hvor deltagerne anvender teorien i praksis, arbejder med f\u00f8derne og h\u00e5ndterer VARIO-systemet.<\/p><p data-start=\"1072\" data-end=\"1359\" data-is-last-node=\"\" data-is-only-node=\"\">Ved at udstyre jeres team med de n\u00f8dvendige f\u00e6rdigheder og viden \u00f8ges deres selvtillid og probleml\u00f8sningsevner, s\u00e5 de hurtigere kan reagere p\u00e5 problemer med f\u00f8desystemerne. Dette skaber et bedre arbejdsmilj\u00f8 og f\u00f8rer i sidste ende til en h\u00f8jere Overall Equipment Effectiveness (OEE).<\/p>\t\t\t\t\t\t\t\t<\/div>\n\t\t\t\t<\/div>\n\t\t\t\t<\/div>\n\t\t\t\t\t<\/div>\n\t\t\t\t<\/div>\n\t\t\t\t<\/div>\n\t\t","protected":false},"excerpt":{"rendered":"<p>Tr\u00e6ning i vibrationsteknologi Brug for hj\u00e6lp? Kontakt Tr\u00e6ning i vibrationsteknologi Hos Service Consult ApS forst\u00e5r vi, at f\u00f8desystemet er afg\u00f8rende for produktiviteten i produktionen, og vi anerkender den vigtige rolle, som jeres vedligeholdelsespersonale spiller i denne proces. Balancering af f\u00f8dere \u00f8ger effektiviteten markant, idet den vibrerende energi overf\u00f8res til bev\u00e6gelsen af elementerne i stedet for &#8230; <a title=\"Uddannelse i vibrationsteknologi\" class=\"read-more\" href=\"https:\/\/lj-sc.dk\/da\/uddannelse-i-vibrationsteknologi\/\" aria-label=\"Read more about Uddannelse i vibrationsteknologi\">L\u00e6s Mere<\/a><\/p>\n","protected":false},"author":5,"featured_media":0,"parent":0,"menu_order":1003,"comment_status":"closed","ping_status":"closed","template":"","meta":{"_acf_changed":false,"footnotes":""},"categories":[],"class_list":["post-10069","page","type-page","status-publish"],"acf":[],"yoast_head":"<!-- This site is optimized with the Yoast SEO plugin v27.3 - https:\/\/yoast.com\/product\/yoast-seo-wordpress\/ -->\n<title>Uddannelse i vibrationsteknologi | SERVICE CONSULT ApS<\/title>\n<meta name=\"robots\" content=\"index, follow, max-snippet:-1, max-image-preview:large, max-video-preview:-1\" \/>\n<link rel=\"canonical\" href=\"https:\/\/lj-sc.dk\/da\/uddannelse-i-vibrationsteknologi\/\" \/>\n<meta property=\"og:locale\" content=\"da_DK\" \/>\n<meta property=\"og:type\" content=\"article\" \/>\n<meta property=\"og:title\" content=\"Uddannelse i vibrationsteknologi | SERVICE CONSULT ApS\" \/>\n<meta property=\"og:description\" content=\"Tr\u00e6ning i vibrationsteknologi Brug for hj\u00e6lp? Kontakt Tr\u00e6ning i vibrationsteknologi Hos Service Consult ApS forst\u00e5r vi, at f\u00f8desystemet er afg\u00f8rende for produktiviteten i produktionen, og vi anerkender den vigtige rolle, som jeres vedligeholdelsespersonale spiller i denne proces. Balancering af f\u00f8dere \u00f8ger effektiviteten markant, idet den vibrerende energi overf\u00f8res til bev\u00e6gelsen af elementerne i stedet for ... L\u00e6s Mere\" \/>\n<meta property=\"og:url\" content=\"https:\/\/lj-sc.dk\/da\/uddannelse-i-vibrationsteknologi\/\" \/>\n<meta property=\"og:site_name\" content=\"SERVICE CONSULT ApS\" \/>\n<meta property=\"article:modified_time\" content=\"2025-11-14T12:22:49+00:00\" \/>\n<meta property=\"og:image\" content=\"https:\/\/lj-sc.dk\/wp-content\/uploads\/2025\/10\/2-scaled.jpeg\" \/>\n\t<meta property=\"og:image:width\" content=\"2048\" \/>\n\t<meta property=\"og:image:height\" content=\"1536\" \/>\n\t<meta property=\"og:image:type\" content=\"image\/jpeg\" \/>\n<meta name=\"twitter:card\" content=\"summary_large_image\" \/>\n<meta name=\"twitter:label1\" content=\"Estimeret l\u00e6setid\" \/>\n\t<meta name=\"twitter:data1\" content=\"1 minut\" \/>\n<script type=\"application\/ld+json\" class=\"yoast-schema-graph\">{\"@context\":\"https:\\\/\\\/schema.org\",\"@graph\":[{\"@type\":\"WebPage\",\"@id\":\"https:\\\/\\\/lj-sc.dk\\\/da\\\/uddannelse-i-vibrationsteknologi\\\/\",\"url\":\"https:\\\/\\\/lj-sc.dk\\\/da\\\/uddannelse-i-vibrationsteknologi\\\/\",\"name\":\"Uddannelse i vibrationsteknologi | SERVICE CONSULT ApS\",\"isPartOf\":{\"@id\":\"https:\\\/\\\/lj-sc.dk\\\/da\\\/#website\"},\"primaryImageOfPage\":{\"@id\":\"https:\\\/\\\/lj-sc.dk\\\/da\\\/uddannelse-i-vibrationsteknologi\\\/#primaryimage\"},\"image\":{\"@id\":\"https:\\\/\\\/lj-sc.dk\\\/da\\\/uddannelse-i-vibrationsteknologi\\\/#primaryimage\"},\"thumbnailUrl\":\"https:\\\/\\\/lj-sc.dk\\\/wp-content\\\/uploads\\\/2025\\\/10\\\/2-scaled.jpeg\",\"datePublished\":\"2025-10-22T08:30:14+00:00\",\"dateModified\":\"2025-11-14T12:22:49+00:00\",\"breadcrumb\":{\"@id\":\"https:\\\/\\\/lj-sc.dk\\\/da\\\/uddannelse-i-vibrationsteknologi\\\/#breadcrumb\"},\"inLanguage\":\"da-DK\",\"potentialAction\":[{\"@type\":\"ReadAction\",\"target\":[\"https:\\\/\\\/lj-sc.dk\\\/da\\\/uddannelse-i-vibrationsteknologi\\\/\"]}]},{\"@type\":\"ImageObject\",\"inLanguage\":\"da-DK\",\"@id\":\"https:\\\/\\\/lj-sc.dk\\\/da\\\/uddannelse-i-vibrationsteknologi\\\/#primaryimage\",\"url\":\"https:\\\/\\\/lj-sc.dk\\\/wp-content\\\/uploads\\\/2025\\\/10\\\/2-scaled.jpeg\",\"contentUrl\":\"https:\\\/\\\/lj-sc.dk\\\/wp-content\\\/uploads\\\/2025\\\/10\\\/2-scaled.jpeg\"},{\"@type\":\"BreadcrumbList\",\"@id\":\"https:\\\/\\\/lj-sc.dk\\\/da\\\/uddannelse-i-vibrationsteknologi\\\/#breadcrumb\",\"itemListElement\":[{\"@type\":\"ListItem\",\"position\":1,\"name\":\"Forside\",\"item\":\"https:\\\/\\\/lj-sc.dk\\\/da\\\/\"},{\"@type\":\"ListItem\",\"position\":2,\"name\":\"Uddannelse i vibrationsteknologi\"}]},{\"@type\":\"WebSite\",\"@id\":\"https:\\\/\\\/lj-sc.dk\\\/da\\\/#website\",\"url\":\"https:\\\/\\\/lj-sc.dk\\\/da\\\/\",\"name\":\"SERVICE CONSULT ApS\",\"description\":\"Professional training in industrial vibration technology\",\"publisher\":{\"@id\":\"https:\\\/\\\/lj-sc.dk\\\/da\\\/#organization\"},\"potentialAction\":[{\"@type\":\"SearchAction\",\"target\":{\"@type\":\"EntryPoint\",\"urlTemplate\":\"https:\\\/\\\/lj-sc.dk\\\/da\\\/?s={search_term_string}\"},\"query-input\":{\"@type\":\"PropertyValueSpecification\",\"valueRequired\":true,\"valueName\":\"search_term_string\"}}],\"inLanguage\":\"da-DK\"},{\"@type\":\"Organization\",\"@id\":\"https:\\\/\\\/lj-sc.dk\\\/da\\\/#organization\",\"name\":\"SERVICE CONSULT ApS\",\"url\":\"https:\\\/\\\/lj-sc.dk\\\/da\\\/\",\"logo\":{\"@type\":\"ImageObject\",\"inLanguage\":\"da-DK\",\"@id\":\"https:\\\/\\\/lj-sc.dk\\\/da\\\/#\\\/schema\\\/logo\\\/image\\\/\",\"url\":\"https:\\\/\\\/lj-sc.dk\\\/wp-content\\\/uploads\\\/2025\\\/07\\\/logo.png\",\"contentUrl\":\"https:\\\/\\\/lj-sc.dk\\\/wp-content\\\/uploads\\\/2025\\\/07\\\/logo.png\",\"width\":351,\"height\":229,\"caption\":\"SERVICE CONSULT ApS\"},\"image\":{\"@id\":\"https:\\\/\\\/lj-sc.dk\\\/da\\\/#\\\/schema\\\/logo\\\/image\\\/\"}}]}<\/script>\n<!-- \/ Yoast SEO plugin. -->","yoast_head_json":{"title":"Uddannelse i vibrationsteknologi | SERVICE CONSULT ApS","robots":{"index":"index","follow":"follow","max-snippet":"max-snippet:-1","max-image-preview":"max-image-preview:large","max-video-preview":"max-video-preview:-1"},"canonical":"https:\/\/lj-sc.dk\/da\/uddannelse-i-vibrationsteknologi\/","og_locale":"da_DK","og_type":"article","og_title":"Uddannelse i vibrationsteknologi | SERVICE CONSULT ApS","og_description":"Tr\u00e6ning i vibrationsteknologi Brug for hj\u00e6lp? Kontakt Tr\u00e6ning i vibrationsteknologi Hos Service Consult ApS forst\u00e5r vi, at f\u00f8desystemet er afg\u00f8rende for produktiviteten i produktionen, og vi anerkender den vigtige rolle, som jeres vedligeholdelsespersonale spiller i denne proces. Balancering af f\u00f8dere \u00f8ger effektiviteten markant, idet den vibrerende energi overf\u00f8res til bev\u00e6gelsen af elementerne i stedet for ... L\u00e6s Mere","og_url":"https:\/\/lj-sc.dk\/da\/uddannelse-i-vibrationsteknologi\/","og_site_name":"SERVICE CONSULT ApS","article_modified_time":"2025-11-14T12:22:49+00:00","og_image":[{"width":2048,"height":1536,"url":"https:\/\/lj-sc.dk\/wp-content\/uploads\/2025\/10\/2-scaled.jpeg","type":"image\/jpeg"}],"twitter_card":"summary_large_image","twitter_misc":{"Estimeret l\u00e6setid":"1 minut"},"schema":{"@context":"https:\/\/schema.org","@graph":[{"@type":"WebPage","@id":"https:\/\/lj-sc.dk\/da\/uddannelse-i-vibrationsteknologi\/","url":"https:\/\/lj-sc.dk\/da\/uddannelse-i-vibrationsteknologi\/","name":"Uddannelse i vibrationsteknologi | SERVICE CONSULT ApS","isPartOf":{"@id":"https:\/\/lj-sc.dk\/da\/#website"},"primaryImageOfPage":{"@id":"https:\/\/lj-sc.dk\/da\/uddannelse-i-vibrationsteknologi\/#primaryimage"},"image":{"@id":"https:\/\/lj-sc.dk\/da\/uddannelse-i-vibrationsteknologi\/#primaryimage"},"thumbnailUrl":"https:\/\/lj-sc.dk\/wp-content\/uploads\/2025\/10\/2-scaled.jpeg","datePublished":"2025-10-22T08:30:14+00:00","dateModified":"2025-11-14T12:22:49+00:00","breadcrumb":{"@id":"https:\/\/lj-sc.dk\/da\/uddannelse-i-vibrationsteknologi\/#breadcrumb"},"inLanguage":"da-DK","potentialAction":[{"@type":"ReadAction","target":["https:\/\/lj-sc.dk\/da\/uddannelse-i-vibrationsteknologi\/"]}]},{"@type":"ImageObject","inLanguage":"da-DK","@id":"https:\/\/lj-sc.dk\/da\/uddannelse-i-vibrationsteknologi\/#primaryimage","url":"https:\/\/lj-sc.dk\/wp-content\/uploads\/2025\/10\/2-scaled.jpeg","contentUrl":"https:\/\/lj-sc.dk\/wp-content\/uploads\/2025\/10\/2-scaled.jpeg"},{"@type":"BreadcrumbList","@id":"https:\/\/lj-sc.dk\/da\/uddannelse-i-vibrationsteknologi\/#breadcrumb","itemListElement":[{"@type":"ListItem","position":1,"name":"Forside","item":"https:\/\/lj-sc.dk\/da\/"},{"@type":"ListItem","position":2,"name":"Uddannelse i vibrationsteknologi"}]},{"@type":"WebSite","@id":"https:\/\/lj-sc.dk\/da\/#website","url":"https:\/\/lj-sc.dk\/da\/","name":"SERVICE CONSULT ApS","description":"Professional training in industrial vibration technology","publisher":{"@id":"https:\/\/lj-sc.dk\/da\/#organization"},"potentialAction":[{"@type":"SearchAction","target":{"@type":"EntryPoint","urlTemplate":"https:\/\/lj-sc.dk\/da\/?s={search_term_string}"},"query-input":{"@type":"PropertyValueSpecification","valueRequired":true,"valueName":"search_term_string"}}],"inLanguage":"da-DK"},{"@type":"Organization","@id":"https:\/\/lj-sc.dk\/da\/#organization","name":"SERVICE CONSULT ApS","url":"https:\/\/lj-sc.dk\/da\/","logo":{"@type":"ImageObject","inLanguage":"da-DK","@id":"https:\/\/lj-sc.dk\/da\/#\/schema\/logo\/image\/","url":"https:\/\/lj-sc.dk\/wp-content\/uploads\/2025\/07\/logo.png","contentUrl":"https:\/\/lj-sc.dk\/wp-content\/uploads\/2025\/07\/logo.png","width":351,"height":229,"caption":"SERVICE CONSULT ApS"},"image":{"@id":"https:\/\/lj-sc.dk\/da\/#\/schema\/logo\/image\/"}}]}},"_links":{"self":[{"href":"https:\/\/lj-sc.dk\/da\/wp-json\/wp\/v2\/pages\/10069","targetHints":{"allow":["GET"]}}],"collection":[{"href":"https:\/\/lj-sc.dk\/da\/wp-json\/wp\/v2\/pages"}],"about":[{"href":"https:\/\/lj-sc.dk\/da\/wp-json\/wp\/v2\/types\/page"}],"author":[{"embeddable":true,"href":"https:\/\/lj-sc.dk\/da\/wp-json\/wp\/v2\/users\/5"}],"replies":[{"embeddable":true,"href":"https:\/\/lj-sc.dk\/da\/wp-json\/wp\/v2\/comments?post=10069"}],"version-history":[{"count":19,"href":"https:\/\/lj-sc.dk\/da\/wp-json\/wp\/v2\/pages\/10069\/revisions"}],"predecessor-version":[{"id":10444,"href":"https:\/\/lj-sc.dk\/da\/wp-json\/wp\/v2\/pages\/10069\/revisions\/10444"}],"wp:attachment":[{"href":"https:\/\/lj-sc.dk\/da\/wp-json\/wp\/v2\/media?parent=10069"}],"wp:term":[{"taxonomy":"category","embeddable":true,"href":"https:\/\/lj-sc.dk\/da\/wp-json\/wp\/v2\/categories?post=10069"}],"curies":[{"name":"wp","href":"https:\/\/api.w.org\/{rel}","templated":true}]}}