{"id":10220,"date":"2025-10-22T10:30:14","date_gmt":"2025-10-22T08:30:14","guid":{"rendered":"https:\/\/lj-sc.dk\/formacion-en-tecnologia-de-vibraciones\/"},"modified":"2025-11-14T13:20:47","modified_gmt":"2025-11-14T12:20:47","slug":"formacion-en-tecnologia-de-vibraciones","status":"publish","type":"page","link":"https:\/\/lj-sc.dk\/es\/formacion-en-tecnologia-de-vibraciones\/","title":{"rendered":"Formaci\u00f3n en tecnolog\u00eda de vibraciones"},"content":{"rendered":"\t\t<div data-elementor-type=\"wp-page\" data-elementor-id=\"10220\" class=\"elementor elementor-10220 elementor-9822\" data-elementor-post-type=\"page\">\n\t\t\t\t<div class=\"elementor-element elementor-element-5b723db4 e-con-full e-flex e-con e-parent\" data-id=\"5b723db4\" data-element_type=\"container\" data-e-type=\"container\" data-settings=\"{&quot;background_background&quot;:&quot;gradient&quot;}\">\n\t\t<div class=\"elementor-element elementor-element-7bf9a2a1 e-flex e-con-boxed e-con e-child\" data-id=\"7bf9a2a1\" data-element_type=\"container\" data-e-type=\"container\" data-settings=\"{&quot;background_background&quot;:&quot;classic&quot;}\">\n\t\t\t\t\t<div class=\"e-con-inner\">\n\t\t<div class=\"elementor-element elementor-element-26b696e4 e-con-full e-flex e-con e-child\" data-id=\"26b696e4\" data-element_type=\"container\" data-e-type=\"container\">\n\t\t\t\t<div class=\"elementor-element elementor-element-153bb5be elementor-widget elementor-widget-heading\" data-id=\"153bb5be\" data-element_type=\"widget\" data-e-type=\"widget\" data-widget_type=\"heading.default\">\n\t\t\t\t<div class=\"elementor-widget-container\">\n\t\t\t\t\t<h1 class=\"elementor-heading-title elementor-size-default\">Formaci\u00f3n en tecnolog\u00eda de vibraciones<\/h1>\t\t\t\t<\/div>\n\t\t\t\t<\/div>\n\t\t<div class=\"elementor-element elementor-element-64dabe18 e-con-full e-flex e-con e-child\" data-id=\"64dabe18\" data-element_type=\"container\" data-e-type=\"container\">\n\t\t\t\t<div class=\"elementor-element elementor-element-2933e954 cta elementor-mobile-align-justify elementor-widget elementor-widget-button\" data-id=\"2933e954\" data-element_type=\"widget\" data-e-type=\"widget\" data-widget_type=\"button.default\">\n\t\t\t\t<div class=\"elementor-widget-container\">\n\t\t\t\t\t\t\t\t\t<div class=\"elementor-button-wrapper\">\n\t\t\t\t\t<a class=\"elementor-button elementor-button-link elementor-size-sm\" href=\"https:\/\/lj-sc.dk\/es\/contacto\/\">\n\t\t\t\t\t\t<span class=\"elementor-button-content-wrapper\">\n\t\t\t\t\t\t\t\t\t<span class=\"elementor-button-text\">\u00bfNecesitas ayuda?<\/span>\n\t\t\t\t\t<\/span>\n\t\t\t\t\t<\/a>\n\t\t\t\t<\/div>\n\t\t\t\t\t\t\t\t<\/div>\n\t\t\t\t<\/div>\n\t\t\t\t<div class=\"elementor-element elementor-element-62fa156 border white elementor-mobile-align-justify elementor-widget elementor-widget-button\" data-id=\"62fa156\" data-element_type=\"widget\" data-e-type=\"widget\" data-widget_type=\"button.default\">\n\t\t\t\t<div class=\"elementor-widget-container\">\n\t\t\t\t\t\t\t\t\t<div class=\"elementor-button-wrapper\">\n\t\t\t\t\t<a class=\"elementor-button elementor-button-link elementor-size-sm\" href=\"https:\/\/lj-sc.dk\/es\/contacto\/\">\n\t\t\t\t\t\t<span class=\"elementor-button-content-wrapper\">\n\t\t\t\t\t\t\t\t\t<span class=\"elementor-button-text\">Cont\u00e1ctanos<\/span>\n\t\t\t\t\t<\/span>\n\t\t\t\t\t<\/a>\n\t\t\t\t<\/div>\n\t\t\t\t\t\t\t\t<\/div>\n\t\t\t\t<\/div>\n\t\t\t\t<\/div>\n\t\t\t\t<\/div>\n\t\t\t\t\t<\/div>\n\t\t\t\t<\/div>\n\t\t\t\t<\/div>\n\t\t<div class=\"elementor-element elementor-element-001ef46 light e-flex e-con-boxed e-con e-parent\" data-id=\"001ef46\" data-element_type=\"container\" data-e-type=\"container\">\n\t\t\t\t\t<div class=\"e-con-inner\">\n\t\t<div class=\"elementor-element elementor-element-084053c e-con-full e-flex e-con e-child\" data-id=\"084053c\" data-element_type=\"container\" data-e-type=\"container\" data-settings=\"{&quot;background_background&quot;:&quot;classic&quot;}\">\n\t\t\t\t<div class=\"elementor-element elementor-element-22f1465 elementor-widget elementor-widget-image\" data-id=\"22f1465\" data-element_type=\"widget\" data-e-type=\"widget\" data-widget_type=\"image.default\">\n\t\t\t\t<div class=\"elementor-widget-container\">\n\t\t\t\t\t\t\t\t\t\t\t\t\t\t\t<img fetchpriority=\"high\" decoding=\"async\" width=\"2048\" height=\"1536\" src=\"https:\/\/lj-sc.dk\/wp-content\/uploads\/2025\/10\/2-scaled.jpeg\" class=\"attachment-full size-full wp-image-10297\" alt=\"\" srcset=\"https:\/\/lj-sc.dk\/wp-content\/uploads\/2025\/10\/2-scaled.jpeg 2048w, https:\/\/lj-sc.dk\/wp-content\/uploads\/2025\/10\/2-500x375.jpeg 500w, https:\/\/lj-sc.dk\/wp-content\/uploads\/2025\/10\/2-1000x750.jpeg 1000w, https:\/\/lj-sc.dk\/wp-content\/uploads\/2025\/10\/2-768x576.jpeg 768w, https:\/\/lj-sc.dk\/wp-content\/uploads\/2025\/10\/2-1536x1152.jpeg 1536w\" sizes=\"(max-width: 2048px) 100vw, 2048px\" \/>\t\t\t\t\t\t\t\t\t\t\t\t\t\t\t<\/div>\n\t\t\t\t<\/div>\n\t\t\t\t<\/div>\n\t\t<div class=\"elementor-element elementor-element-798418a e-con-full e-flex e-con e-child\" data-id=\"798418a\" data-element_type=\"container\" data-e-type=\"container\">\n\t\t\t\t<div class=\"elementor-element elementor-element-5f74d80 elementor-widget elementor-widget-text-editor\" data-id=\"5f74d80\" data-element_type=\"widget\" data-e-type=\"widget\" data-widget_type=\"text-editor.default\">\n\t\t\t\t<div class=\"elementor-widget-container\">\n\t\t\t\t\t\t\t\t\t<h2>Por Qu\u00e9 es Esencial la Capacitaci\u00f3n en Tecnolog\u00eda de Vibraci\u00f3n<\/h2><p>En Service Consult reconocemos que el sistema de alimentaci\u00f3n es un componente vital para la productividad de su manufactura, y su personal de mantenimiento juega un papel crucial en su rendimiento.<\/p><p>Los alimentadores correctamente balanceados aumentan significativamente la eficiencia al dirigir la energ\u00eda vibratoria al movimiento de los materiales, en lugar de perderla como fuerza desperdiciada. Esto no solo ahorra energ\u00eda el\u00e9ctrica al optimizar los hertzios y amperes, sino que tambi\u00e9n reduce el ruido de las m\u00e1quinas para crear un ambiente de trabajo mejor y m\u00e1s seguro. Invertir en esta capacitaci\u00f3n es una inversi\u00f3n en la eficiencia fundamental y la salud operativa de su planta.<\/p>\t\t\t\t\t\t\t\t<\/div>\n\t\t\t\t<\/div>\n\t\t\t\t<\/div>\n\t\t\t\t\t<\/div>\n\t\t\t\t<\/div>\n\t\t<div class=\"elementor-element elementor-element-94f4685 e-flex e-con-boxed e-con e-parent\" data-id=\"94f4685\" data-element_type=\"container\" data-e-type=\"container\">\n\t\t\t\t\t<div class=\"e-con-inner\">\n\t\t<div class=\"elementor-element elementor-element-4b254e7 e-con-full e-flex e-con e-child\" data-id=\"4b254e7\" data-element_type=\"container\" data-e-type=\"container\" data-settings=\"{&quot;background_background&quot;:&quot;classic&quot;}\">\n\t\t\t\t<div class=\"elementor-element elementor-element-59c0270 elementor-widget elementor-widget-image\" data-id=\"59c0270\" data-element_type=\"widget\" data-e-type=\"widget\" data-widget_type=\"image.default\">\n\t\t\t\t<div class=\"elementor-widget-container\">\n\t\t\t\t\t\t\t\t\t\t\t\t\t\t\t<img decoding=\"async\" width=\"750\" height=\"1000\" src=\"https:\/\/lj-sc.dk\/wp-content\/uploads\/2025\/11\/thumbnail_PIC-1-750x1000.jpg\" class=\"attachment-large size-large wp-image-10426\" alt=\"\" srcset=\"https:\/\/lj-sc.dk\/wp-content\/uploads\/2025\/11\/thumbnail_PIC-1-750x1000.jpg 750w, https:\/\/lj-sc.dk\/wp-content\/uploads\/2025\/11\/thumbnail_PIC-1-375x500.jpg 375w, https:\/\/lj-sc.dk\/wp-content\/uploads\/2025\/11\/thumbnail_PIC-1-768x1024.jpg 768w, https:\/\/lj-sc.dk\/wp-content\/uploads\/2025\/11\/thumbnail_PIC-1-1152x1536.jpg 1152w, https:\/\/lj-sc.dk\/wp-content\/uploads\/2025\/11\/thumbnail_PIC-1.jpg 1440w\" sizes=\"(max-width: 750px) 100vw, 750px\" \/>\t\t\t\t\t\t\t\t\t\t\t\t\t\t\t<\/div>\n\t\t\t\t<\/div>\n\t\t\t\t<\/div>\n\t\t<div class=\"elementor-element elementor-element-13c6180 e-con-full e-flex e-con e-child\" data-id=\"13c6180\" data-element_type=\"container\" data-e-type=\"container\">\n\t\t\t\t<div class=\"elementor-element elementor-element-9c320da elementor-widget elementor-widget-text-editor\" data-id=\"9c320da\" data-element_type=\"widget\" data-e-type=\"widget\" data-widget_type=\"text-editor.default\">\n\t\t\t\t<div class=\"elementor-widget-container\">\n\t\t\t\t\t\t\t\t\t<h2>C\u00f3mo Funciona Nuestro Programa Integral de Capacitaci\u00f3n<\/h2><p>Nuestra Capacitaci\u00f3n en Tecnolog\u00eda de Vibraci\u00f3n es un programa de dos partes, muy pr\u00e1ctico, dise\u00f1ado para la m\u00e1xima retenci\u00f3n y aplicaci\u00f3n pr\u00e1ctica. La primera parte se centra en construir una base te\u00f3rica s\u00f3lida, proporcionando conocimiento profundo de los componentes del alimentador, t\u00e9cnicas de diagn\u00f3stico de fallas, an\u00e1lisis de causa ra\u00edz y mantenimiento preventivo.<\/p><p>Los participantes reciben una carpeta completa con materiales de referencia que siempre ser\u00e1n \u00fatiles al trabajar en los alimentadores. La segunda parte es un d\u00eda pr\u00e1ctico, donde la teor\u00eda se lleva a la acci\u00f3n. Los practicantes trabajan directamente con los alimentadores y el equipo VARIO, consolidando sus habilidades en situaciones reales.<\/p><h2>Los Resultados Tangibles para su Equipo y Productividad<\/h2><p>Al equipar a su personal con estas habilidades especializadas, ver\u00e1 un impacto directo y positivo. Su personal de mantenimiento operar\u00e1 con mayor confianza y habilidades mejoradas para resolver problemas, lo que les permitir\u00e1 responder m\u00e1s r\u00e1pido a las fallas del sistema de alimentaci\u00f3n.<\/p><p>Esto se traduce en menos tiempo de inactividad, una l\u00ednea de producci\u00f3n m\u00e1s estable y un mejor ambiente de trabajo. En \u00faltima instancia, todas estas mejoras convergen para lograr el objetivo principal: una mayor Efectividad General de los Equipos (OEE), impulsando as\u00ed la productividad y rentabilidad de su manufactura.<\/p>\t\t\t\t\t\t\t\t<\/div>\n\t\t\t\t<\/div>\n\t\t\t\t<\/div>\n\t\t\t\t\t<\/div>\n\t\t\t\t<\/div>\n\t\t\t\t<\/div>\n\t\t","protected":false},"excerpt":{"rendered":"<p>Formaci\u00f3n en tecnolog\u00eda de vibraciones \u00bfNecesitas ayuda? Cont\u00e1ctanos Por Qu\u00e9 es Esencial la Capacitaci\u00f3n en Tecnolog\u00eda de Vibraci\u00f3n En Service Consult reconocemos que el sistema de alimentaci\u00f3n es un componente vital para la productividad de su manufactura, y su personal de mantenimiento juega un papel crucial en su rendimiento. Los alimentadores correctamente balanceados aumentan significativamente &#8230; <a title=\"Formaci\u00f3n en tecnolog\u00eda de vibraciones\" class=\"read-more\" href=\"https:\/\/lj-sc.dk\/es\/formacion-en-tecnologia-de-vibraciones\/\" aria-label=\"Leer m\u00e1s sobre Formaci\u00f3n en tecnolog\u00eda de vibraciones\">Leer m\u00e1s<\/a><\/p>\n","protected":false},"author":5,"featured_media":0,"parent":0,"menu_order":1003,"comment_status":"closed","ping_status":"closed","template":"","meta":{"_acf_changed":false,"footnotes":""},"categories":[],"class_list":["post-10220","page","type-page","status-publish"],"acf":[],"yoast_head":"<!-- This site is optimized with the Yoast SEO plugin v27.3 - https:\/\/yoast.com\/product\/yoast-seo-wordpress\/ -->\n<title>Formaci\u00f3n en tecnolog\u00eda de vibraciones | SERVICE CONSULT ApS<\/title>\n<meta name=\"robots\" content=\"index, follow, max-snippet:-1, max-image-preview:large, max-video-preview:-1\" \/>\n<link rel=\"canonical\" href=\"https:\/\/lj-sc.dk\/es\/formacion-en-tecnologia-de-vibraciones\/\" \/>\n<meta property=\"og:locale\" content=\"es_ES\" \/>\n<meta property=\"og:type\" content=\"article\" \/>\n<meta property=\"og:title\" content=\"Formaci\u00f3n en tecnolog\u00eda de vibraciones | SERVICE CONSULT ApS\" \/>\n<meta property=\"og:description\" content=\"Formaci\u00f3n en tecnolog\u00eda de vibraciones \u00bfNecesitas ayuda? Cont\u00e1ctanos Por Qu\u00e9 es Esencial la Capacitaci\u00f3n en Tecnolog\u00eda de Vibraci\u00f3n En Service Consult reconocemos que el sistema de alimentaci\u00f3n es un componente vital para la productividad de su manufactura, y su personal de mantenimiento juega un papel crucial en su rendimiento. Los alimentadores correctamente balanceados aumentan significativamente ... Leer m\u00e1s\" \/>\n<meta property=\"og:url\" content=\"https:\/\/lj-sc.dk\/es\/formacion-en-tecnologia-de-vibraciones\/\" \/>\n<meta property=\"og:site_name\" content=\"SERVICE CONSULT ApS\" \/>\n<meta property=\"article:modified_time\" content=\"2025-11-14T12:20:47+00:00\" \/>\n<meta property=\"og:image\" content=\"https:\/\/lj-sc.dk\/wp-content\/uploads\/2025\/10\/2-scaled.jpeg\" \/>\n\t<meta property=\"og:image:width\" content=\"2048\" \/>\n\t<meta property=\"og:image:height\" content=\"1536\" \/>\n\t<meta property=\"og:image:type\" content=\"image\/jpeg\" \/>\n<meta name=\"twitter:card\" content=\"summary_large_image\" \/>\n<meta name=\"twitter:label1\" content=\"Tiempo de lectura\" \/>\n\t<meta name=\"twitter:data1\" content=\"2 minutos\" \/>\n<script type=\"application\/ld+json\" class=\"yoast-schema-graph\">{\"@context\":\"https:\\\/\\\/schema.org\",\"@graph\":[{\"@type\":\"WebPage\",\"@id\":\"https:\\\/\\\/lj-sc.dk\\\/es\\\/formacion-en-tecnologia-de-vibraciones\\\/\",\"url\":\"https:\\\/\\\/lj-sc.dk\\\/es\\\/formacion-en-tecnologia-de-vibraciones\\\/\",\"name\":\"Formaci\u00f3n en tecnolog\u00eda de vibraciones | SERVICE CONSULT ApS\",\"isPartOf\":{\"@id\":\"https:\\\/\\\/lj-sc.dk\\\/es\\\/#website\"},\"primaryImageOfPage\":{\"@id\":\"https:\\\/\\\/lj-sc.dk\\\/es\\\/formacion-en-tecnologia-de-vibraciones\\\/#primaryimage\"},\"image\":{\"@id\":\"https:\\\/\\\/lj-sc.dk\\\/es\\\/formacion-en-tecnologia-de-vibraciones\\\/#primaryimage\"},\"thumbnailUrl\":\"https:\\\/\\\/lj-sc.dk\\\/wp-content\\\/uploads\\\/2025\\\/10\\\/2-scaled.jpeg\",\"datePublished\":\"2025-10-22T08:30:14+00:00\",\"dateModified\":\"2025-11-14T12:20:47+00:00\",\"breadcrumb\":{\"@id\":\"https:\\\/\\\/lj-sc.dk\\\/es\\\/formacion-en-tecnologia-de-vibraciones\\\/#breadcrumb\"},\"inLanguage\":\"es\",\"potentialAction\":[{\"@type\":\"ReadAction\",\"target\":[\"https:\\\/\\\/lj-sc.dk\\\/es\\\/formacion-en-tecnologia-de-vibraciones\\\/\"]}]},{\"@type\":\"ImageObject\",\"inLanguage\":\"es\",\"@id\":\"https:\\\/\\\/lj-sc.dk\\\/es\\\/formacion-en-tecnologia-de-vibraciones\\\/#primaryimage\",\"url\":\"https:\\\/\\\/lj-sc.dk\\\/wp-content\\\/uploads\\\/2025\\\/10\\\/2-scaled.jpeg\",\"contentUrl\":\"https:\\\/\\\/lj-sc.dk\\\/wp-content\\\/uploads\\\/2025\\\/10\\\/2-scaled.jpeg\"},{\"@type\":\"BreadcrumbList\",\"@id\":\"https:\\\/\\\/lj-sc.dk\\\/es\\\/formacion-en-tecnologia-de-vibraciones\\\/#breadcrumb\",\"itemListElement\":[{\"@type\":\"ListItem\",\"position\":1,\"name\":\"Forside\",\"item\":\"https:\\\/\\\/lj-sc.dk\\\/es\\\/\"},{\"@type\":\"ListItem\",\"position\":2,\"name\":\"Formaci\u00f3n en tecnolog\u00eda de vibraciones\"}]},{\"@type\":\"WebSite\",\"@id\":\"https:\\\/\\\/lj-sc.dk\\\/es\\\/#website\",\"url\":\"https:\\\/\\\/lj-sc.dk\\\/es\\\/\",\"name\":\"SERVICE CONSULT ApS\",\"description\":\"Professional training in industrial vibration technology\",\"publisher\":{\"@id\":\"https:\\\/\\\/lj-sc.dk\\\/es\\\/#organization\"},\"potentialAction\":[{\"@type\":\"SearchAction\",\"target\":{\"@type\":\"EntryPoint\",\"urlTemplate\":\"https:\\\/\\\/lj-sc.dk\\\/es\\\/?s={search_term_string}\"},\"query-input\":{\"@type\":\"PropertyValueSpecification\",\"valueRequired\":true,\"valueName\":\"search_term_string\"}}],\"inLanguage\":\"es\"},{\"@type\":\"Organization\",\"@id\":\"https:\\\/\\\/lj-sc.dk\\\/es\\\/#organization\",\"name\":\"SERVICE CONSULT ApS\",\"url\":\"https:\\\/\\\/lj-sc.dk\\\/es\\\/\",\"logo\":{\"@type\":\"ImageObject\",\"inLanguage\":\"es\",\"@id\":\"https:\\\/\\\/lj-sc.dk\\\/es\\\/#\\\/schema\\\/logo\\\/image\\\/\",\"url\":\"https:\\\/\\\/lj-sc.dk\\\/wp-content\\\/uploads\\\/2025\\\/07\\\/logo.png\",\"contentUrl\":\"https:\\\/\\\/lj-sc.dk\\\/wp-content\\\/uploads\\\/2025\\\/07\\\/logo.png\",\"width\":351,\"height\":229,\"caption\":\"SERVICE CONSULT ApS\"},\"image\":{\"@id\":\"https:\\\/\\\/lj-sc.dk\\\/es\\\/#\\\/schema\\\/logo\\\/image\\\/\"}}]}<\/script>\n<!-- \/ Yoast SEO plugin. -->","yoast_head_json":{"title":"Formaci\u00f3n en tecnolog\u00eda de vibraciones | SERVICE CONSULT ApS","robots":{"index":"index","follow":"follow","max-snippet":"max-snippet:-1","max-image-preview":"max-image-preview:large","max-video-preview":"max-video-preview:-1"},"canonical":"https:\/\/lj-sc.dk\/es\/formacion-en-tecnologia-de-vibraciones\/","og_locale":"es_ES","og_type":"article","og_title":"Formaci\u00f3n en tecnolog\u00eda de vibraciones | SERVICE CONSULT ApS","og_description":"Formaci\u00f3n en tecnolog\u00eda de vibraciones \u00bfNecesitas ayuda? Cont\u00e1ctanos Por Qu\u00e9 es Esencial la Capacitaci\u00f3n en Tecnolog\u00eda de Vibraci\u00f3n En Service Consult reconocemos que el sistema de alimentaci\u00f3n es un componente vital para la productividad de su manufactura, y su personal de mantenimiento juega un papel crucial en su rendimiento. Los alimentadores correctamente balanceados aumentan significativamente ... Leer m\u00e1s","og_url":"https:\/\/lj-sc.dk\/es\/formacion-en-tecnologia-de-vibraciones\/","og_site_name":"SERVICE CONSULT ApS","article_modified_time":"2025-11-14T12:20:47+00:00","og_image":[{"width":2048,"height":1536,"url":"https:\/\/lj-sc.dk\/wp-content\/uploads\/2025\/10\/2-scaled.jpeg","type":"image\/jpeg"}],"twitter_card":"summary_large_image","twitter_misc":{"Tiempo de lectura":"2 minutos"},"schema":{"@context":"https:\/\/schema.org","@graph":[{"@type":"WebPage","@id":"https:\/\/lj-sc.dk\/es\/formacion-en-tecnologia-de-vibraciones\/","url":"https:\/\/lj-sc.dk\/es\/formacion-en-tecnologia-de-vibraciones\/","name":"Formaci\u00f3n en tecnolog\u00eda de vibraciones | SERVICE CONSULT ApS","isPartOf":{"@id":"https:\/\/lj-sc.dk\/es\/#website"},"primaryImageOfPage":{"@id":"https:\/\/lj-sc.dk\/es\/formacion-en-tecnologia-de-vibraciones\/#primaryimage"},"image":{"@id":"https:\/\/lj-sc.dk\/es\/formacion-en-tecnologia-de-vibraciones\/#primaryimage"},"thumbnailUrl":"https:\/\/lj-sc.dk\/wp-content\/uploads\/2025\/10\/2-scaled.jpeg","datePublished":"2025-10-22T08:30:14+00:00","dateModified":"2025-11-14T12:20:47+00:00","breadcrumb":{"@id":"https:\/\/lj-sc.dk\/es\/formacion-en-tecnologia-de-vibraciones\/#breadcrumb"},"inLanguage":"es","potentialAction":[{"@type":"ReadAction","target":["https:\/\/lj-sc.dk\/es\/formacion-en-tecnologia-de-vibraciones\/"]}]},{"@type":"ImageObject","inLanguage":"es","@id":"https:\/\/lj-sc.dk\/es\/formacion-en-tecnologia-de-vibraciones\/#primaryimage","url":"https:\/\/lj-sc.dk\/wp-content\/uploads\/2025\/10\/2-scaled.jpeg","contentUrl":"https:\/\/lj-sc.dk\/wp-content\/uploads\/2025\/10\/2-scaled.jpeg"},{"@type":"BreadcrumbList","@id":"https:\/\/lj-sc.dk\/es\/formacion-en-tecnologia-de-vibraciones\/#breadcrumb","itemListElement":[{"@type":"ListItem","position":1,"name":"Forside","item":"https:\/\/lj-sc.dk\/es\/"},{"@type":"ListItem","position":2,"name":"Formaci\u00f3n en tecnolog\u00eda de vibraciones"}]},{"@type":"WebSite","@id":"https:\/\/lj-sc.dk\/es\/#website","url":"https:\/\/lj-sc.dk\/es\/","name":"SERVICE CONSULT ApS","description":"Professional training in industrial vibration technology","publisher":{"@id":"https:\/\/lj-sc.dk\/es\/#organization"},"potentialAction":[{"@type":"SearchAction","target":{"@type":"EntryPoint","urlTemplate":"https:\/\/lj-sc.dk\/es\/?s={search_term_string}"},"query-input":{"@type":"PropertyValueSpecification","valueRequired":true,"valueName":"search_term_string"}}],"inLanguage":"es"},{"@type":"Organization","@id":"https:\/\/lj-sc.dk\/es\/#organization","name":"SERVICE CONSULT ApS","url":"https:\/\/lj-sc.dk\/es\/","logo":{"@type":"ImageObject","inLanguage":"es","@id":"https:\/\/lj-sc.dk\/es\/#\/schema\/logo\/image\/","url":"https:\/\/lj-sc.dk\/wp-content\/uploads\/2025\/07\/logo.png","contentUrl":"https:\/\/lj-sc.dk\/wp-content\/uploads\/2025\/07\/logo.png","width":351,"height":229,"caption":"SERVICE CONSULT ApS"},"image":{"@id":"https:\/\/lj-sc.dk\/es\/#\/schema\/logo\/image\/"}}]}},"_links":{"self":[{"href":"https:\/\/lj-sc.dk\/es\/wp-json\/wp\/v2\/pages\/10220","targetHints":{"allow":["GET"]}}],"collection":[{"href":"https:\/\/lj-sc.dk\/es\/wp-json\/wp\/v2\/pages"}],"about":[{"href":"https:\/\/lj-sc.dk\/es\/wp-json\/wp\/v2\/types\/page"}],"author":[{"embeddable":true,"href":"https:\/\/lj-sc.dk\/es\/wp-json\/wp\/v2\/users\/5"}],"replies":[{"embeddable":true,"href":"https:\/\/lj-sc.dk\/es\/wp-json\/wp\/v2\/comments?post=10220"}],"version-history":[{"count":5,"href":"https:\/\/lj-sc.dk\/es\/wp-json\/wp\/v2\/pages\/10220\/revisions"}],"predecessor-version":[{"id":10441,"href":"https:\/\/lj-sc.dk\/es\/wp-json\/wp\/v2\/pages\/10220\/revisions\/10441"}],"wp:attachment":[{"href":"https:\/\/lj-sc.dk\/es\/wp-json\/wp\/v2\/media?parent=10220"}],"wp:term":[{"taxonomy":"category","embeddable":true,"href":"https:\/\/lj-sc.dk\/es\/wp-json\/wp\/v2\/categories?post=10220"}],"curies":[{"name":"wp","href":"https:\/\/api.w.org\/{rel}","templated":true}]}}