{"id":10222,"date":"2025-10-08T09:21:44","date_gmt":"2025-10-08T07:21:44","guid":{"rendered":"https:\/\/lj-sc.dk\/reduccion-de-ruido\/"},"modified":"2025-11-21T12:07:15","modified_gmt":"2025-11-21T11:07:15","slug":"reduccion-de-ruido","status":"publish","type":"page","link":"https:\/\/lj-sc.dk\/es\/reduccion-de-ruido\/","title":{"rendered":"Reducci\u00f3n de ruido"},"content":{"rendered":"\t\t<div data-elementor-type=\"wp-page\" data-elementor-id=\"10222\" class=\"elementor elementor-10222 elementor-9798\" data-elementor-post-type=\"page\">\n\t\t\t\t<div class=\"elementor-element elementor-element-3efc8ad0 e-con-full e-flex e-con e-parent\" data-id=\"3efc8ad0\" data-element_type=\"container\" data-e-type=\"container\" data-settings=\"{&quot;background_background&quot;:&quot;gradient&quot;}\">\n\t\t<div class=\"elementor-element elementor-element-6e4e7932 e-flex e-con-boxed e-con e-child\" data-id=\"6e4e7932\" data-element_type=\"container\" data-e-type=\"container\" data-settings=\"{&quot;background_background&quot;:&quot;classic&quot;}\">\n\t\t\t\t\t<div class=\"e-con-inner\">\n\t\t<div class=\"elementor-element elementor-element-4609d5a e-con-full e-flex e-con e-child\" data-id=\"4609d5a\" data-element_type=\"container\" data-e-type=\"container\">\n\t\t\t\t<div class=\"elementor-element elementor-element-31d1cd9 elementor-widget elementor-widget-heading\" data-id=\"31d1cd9\" data-element_type=\"widget\" data-e-type=\"widget\" data-widget_type=\"heading.default\">\n\t\t\t\t<div class=\"elementor-widget-container\">\n\t\t\t\t\t<h1 class=\"elementor-heading-title elementor-size-default\">Reducci\u00f3n de ruido<\/h1>\t\t\t\t<\/div>\n\t\t\t\t<\/div>\n\t\t<div class=\"elementor-element elementor-element-d57fc37 e-con-full e-flex e-con e-child\" data-id=\"d57fc37\" data-element_type=\"container\" data-e-type=\"container\">\n\t\t\t\t<div class=\"elementor-element elementor-element-76dfbf68 cta elementor-mobile-align-justify elementor-widget elementor-widget-button\" data-id=\"76dfbf68\" data-element_type=\"widget\" data-e-type=\"widget\" data-widget_type=\"button.default\">\n\t\t\t\t<div class=\"elementor-widget-container\">\n\t\t\t\t\t\t\t\t\t<div class=\"elementor-button-wrapper\">\n\t\t\t\t\t<a class=\"elementor-button elementor-button-link elementor-size-sm\" href=\"https:\/\/lj-sc.dk\/es\/contacto\/\">\n\t\t\t\t\t\t<span class=\"elementor-button-content-wrapper\">\n\t\t\t\t\t\t\t\t\t<span class=\"elementor-button-text\">\u00bfNecesitas ayuda?<\/span>\n\t\t\t\t\t<\/span>\n\t\t\t\t\t<\/a>\n\t\t\t\t<\/div>\n\t\t\t\t\t\t\t\t<\/div>\n\t\t\t\t<\/div>\n\t\t\t\t<div class=\"elementor-element elementor-element-2f66cadc border white elementor-mobile-align-justify elementor-widget elementor-widget-button\" data-id=\"2f66cadc\" data-element_type=\"widget\" data-e-type=\"widget\" data-widget_type=\"button.default\">\n\t\t\t\t<div class=\"elementor-widget-container\">\n\t\t\t\t\t\t\t\t\t<div class=\"elementor-button-wrapper\">\n\t\t\t\t\t<a class=\"elementor-button elementor-button-link elementor-size-sm\" href=\"https:\/\/lj-sc.dk\/es\/contacto\/\">\n\t\t\t\t\t\t<span class=\"elementor-button-content-wrapper\">\n\t\t\t\t\t\t\t\t\t<span class=\"elementor-button-text\">Cont\u00e1ctanos<\/span>\n\t\t\t\t\t<\/span>\n\t\t\t\t\t<\/a>\n\t\t\t\t<\/div>\n\t\t\t\t\t\t\t\t<\/div>\n\t\t\t\t<\/div>\n\t\t\t\t<\/div>\n\t\t\t\t<\/div>\n\t\t\t\t\t<\/div>\n\t\t\t\t<\/div>\n\t\t\t\t<\/div>\n\t\t<div class=\"elementor-element elementor-element-5dba83e8 light e-flex e-con-boxed e-con e-parent\" data-id=\"5dba83e8\" data-element_type=\"container\" data-e-type=\"container\">\n\t\t\t\t\t<div class=\"e-con-inner\">\n\t\t<div class=\"elementor-element elementor-element-263f200c e-con-full e-flex e-con e-child\" data-id=\"263f200c\" data-element_type=\"container\" data-e-type=\"container\" data-settings=\"{&quot;background_background&quot;:&quot;classic&quot;}\">\n\t\t\t\t<\/div>\n\t\t<div class=\"elementor-element elementor-element-730b752f e-con-full e-flex e-con e-child\" data-id=\"730b752f\" data-element_type=\"container\" data-e-type=\"container\">\n\t\t\t\t<div class=\"elementor-element elementor-element-62cb896f elementor-widget__width-initial elementor-widget-mobile__width-inherit elementor-widget elementor-widget-heading\" data-id=\"62cb896f\" data-element_type=\"widget\" data-e-type=\"widget\" data-widget_type=\"heading.default\">\n\t\t\t\t<div class=\"elementor-widget-container\">\n\t\t\t\t\t<h2 class=\"elementor-heading-title elementor-size-default\">Reducci\u00f3n de ruido en alimentadores vibratorios\n<\/h2>\t\t\t\t<\/div>\n\t\t\t\t<\/div>\n\t\t\t\t<div class=\"elementor-element elementor-element-78c0bdfd elementor-widget elementor-widget-text-editor\" data-id=\"78c0bdfd\" data-element_type=\"widget\" data-e-type=\"widget\" data-widget_type=\"text-editor.default\">\n\t\t\t\t<div class=\"elementor-widget-container\">\n\t\t\t\t\t\t\t\t\t<p>Los alimentadores vibratorios son esenciales en las l\u00edneas de montaje y envasado, pero su principio de funcionamiento. El uso de vibraciones para mover piezas genera inevitablemente un ruido considerable. Si bien este ruido es intenso, el entorno plantea graves riesgos para la salud, como p\u00e9rdida de audici\u00f3n, estr\u00e9s y fatiga, y su impacto.<\/p><p>Va m\u00e1s all\u00e1 del bienestar de los trabajadores. El ruido en s\u00ed mismo es un signo de ineficiencia operativa. El sonido y la vibraci\u00f3n de sus comederos no son meros subproductos; son formas de energ\u00eda. que escapan del sistema. Esta es energ\u00eda que pagas con electricidad, pero que no se consume. realizando el valioso trabajo de las piezas m\u00f3viles. Mediante la implementaci\u00f3n de estrategias de reducci\u00f3n de ruido, al contener directamente esta energ\u00eda, todo el sistema se vuelve m\u00e1s eficiente.<\/p>\t\t\t\t\t\t\t\t<\/div>\n\t\t\t\t<\/div>\n\t\t<div class=\"elementor-element elementor-element-33af7311 e-con-full e-flex e-con e-child\" data-id=\"33af7311\" data-element_type=\"container\" data-e-type=\"container\">\n\t\t\t\t<div class=\"elementor-element elementor-element-160c11bf cta elementor-mobile-align-justify elementor-widget-mobile__width-inherit elementor-widget elementor-widget-button\" data-id=\"160c11bf\" data-element_type=\"widget\" data-e-type=\"widget\" data-widget_type=\"button.default\">\n\t\t\t\t<div class=\"elementor-widget-container\">\n\t\t\t\t\t\t\t\t\t<div class=\"elementor-button-wrapper\">\n\t\t\t\t\t<a class=\"elementor-button elementor-button-link elementor-size-sm\" href=\"https:\/\/lj-sc.dk\/es\/contacto\/\">\n\t\t\t\t\t\t<span class=\"elementor-button-content-wrapper\">\n\t\t\t\t\t\t\t\t\t<span class=\"elementor-button-text\">Solicitar presupuesto<\/span>\n\t\t\t\t\t<\/span>\n\t\t\t\t\t<\/a>\n\t\t\t\t<\/div>\n\t\t\t\t\t\t\t\t<\/div>\n\t\t\t\t<\/div>\n\t\t\t\t<\/div>\n\t\t\t\t<\/div>\n\t\t\t\t\t<\/div>\n\t\t\t\t<\/div>\n\t\t<div class=\"elementor-element elementor-element-18882d59 e-flex e-con-boxed e-con e-parent\" data-id=\"18882d59\" data-element_type=\"container\" data-e-type=\"container\" data-settings=\"{&quot;background_background&quot;:&quot;gradient&quot;}\">\n\t\t\t\t\t<div class=\"e-con-inner\">\n\t\t<div class=\"elementor-element elementor-element-34c554ce e-con-full e-flex e-con e-child\" data-id=\"34c554ce\" data-element_type=\"container\" data-e-type=\"container\">\n\t\t\t\t<div class=\"elementor-element elementor-element-23bd2780 elementor-widget__width-initial elementor-widget-mobile__width-inherit elementor-widget-tablet__width-inherit elementor-widget elementor-widget-heading\" data-id=\"23bd2780\" data-element_type=\"widget\" data-e-type=\"widget\" data-widget_type=\"heading.default\">\n\t\t\t\t<div class=\"elementor-widget-container\">\n\t\t\t\t\t<h2 class=\"elementor-heading-title elementor-size-default\">Doble beneficio: seguridad y ahorro\n<\/h2>\t\t\t\t<\/div>\n\t\t\t\t<\/div>\n\t\t\t\t<div class=\"elementor-element elementor-element-645c1cd2 elementor-widget elementor-widget-text-editor\" data-id=\"645c1cd2\" data-element_type=\"widget\" data-e-type=\"widget\" data-widget_type=\"text-editor.default\">\n\t\t\t\t<div class=\"elementor-widget-container\">\n\t\t\t\t\t\t\t\t\t<div class=\"CjVfdc\">Proteger la salud de los empleados sigue siendo la raz\u00f3n principal para actuar. Sin embargo, las mismas medidas que crean un entorno laboral m\u00e1s seguro \u2014como la amortiguaci\u00f3n de vibraciones y la contenci\u00f3n del sonido\u2014 ofrecen una ventaja secundaria decisiva: un importante ahorro energ\u00e9tico. Por lo tanto, invertir en la reducci\u00f3n del ruido va m\u00e1s all\u00e1 de cumplir con las normativas y proteger a los trabajadores. Se trata de una inversi\u00f3n directa en una mayor eficiencia operativa y un menor consumo energ\u00e9tico, convirtiendo una medida de seguridad necesaria en una fuente de ahorro.   <\/div>\t\t\t\t\t\t\t\t<\/div>\n\t\t\t\t<\/div>\n\t\t\t\t<\/div>\n\t\t<div class=\"elementor-element elementor-element-5d104a94 e-con-full e-flex e-con e-child\" data-id=\"5d104a94\" data-element_type=\"container\" data-e-type=\"container\">\n\t\t<div class=\"elementor-element elementor-element-70cbe7b8 e-con-full e-flex e-con e-child\" data-id=\"70cbe7b8\" data-element_type=\"container\" data-e-type=\"container\" data-settings=\"{&quot;background_background&quot;:&quot;classic&quot;}\">\n\t\t\t\t<\/div>\n\t\t<div class=\"elementor-element elementor-element-3fd722d8 e-con-full e-flex e-con e-child\" data-id=\"3fd722d8\" data-element_type=\"container\" data-e-type=\"container\">\n\t\t\t\t<div class=\"elementor-element elementor-element-a3a6485 white elementor-widget elementor-widget-text-editor\" data-id=\"a3a6485\" data-element_type=\"widget\" data-e-type=\"widget\" data-widget_type=\"text-editor.default\">\n\t\t\t\t<div class=\"elementor-widget-container\">\n\t\t\t\t\t\t\t\t\t<h2>En Service Consult ApS utilizamos tres estrategias diferentes para la reducci\u00f3n del ruido:<\/h2><ol><li>Optimizaci\u00f3n de equipos mediante servicio y mantenimiento; a veces, la soluci\u00f3n m\u00e1s sencilla.<br> Se pasan por alto las soluciones. Ajustes <span data-olk-copy-source=\"MessageBody\">de amplitud<\/span> , muelles calibrados, inspecci\u00f3n y correcci\u00f3n de todo.<br> Piezas de alimentaci\u00f3n.<\/li><li>El dise\u00f1o e instalaci\u00f3n de contrapesos equilibra las vibraciones y evita la p\u00e9rdida de<br> energ\u00eda mediante la sacudida de la estructura o del suelo.<\/li><li>Dise\u00f1o e instalaci\u00f3n de recintos ac\u00fasticos para contener el sonido.<br>Al implementar estas estrategias, es realista lograr una reducci\u00f3n de ruido, dB(A), para el<br>sistema alimentador vibratorio, y no solo hace que baje el n\u00famero en un medidor; tiene<br>Beneficios tangibles:<p>\u2022 <span data-olk-copy-source=\"MessageBody\">Eficiencia<\/span> energ\u00e9tica: evitando que la energ\u00eda se escape del sistema.<br> \u2022 Protecci\u00f3n auditiva: Reduce los niveles de ruido para proteger la audici\u00f3n de los empleados.<br> \u2022 Comunicaci\u00f3n mejorada: Facilita las instrucciones verbales y las se\u00f1ales de advertencia.<br> escuchar.<br> \u2022 Mayor moral y productividad: Un lugar de trabajo m\u00e1s tranquilo es menos estresante y m\u00e1s productivo.<br> Entorno de concentraci\u00f3n.<br> \u2022 <span data-olk-copy-source=\"MessageBody\">Cumplimiento normativo: Contribuye al cumplimiento de normativas como OSHA, HSE y otras normas de salud y seguridad ocupacional.<\/span><\/p><\/li><\/ol>\t\t\t\t\t\t\t\t<\/div>\n\t\t\t\t<\/div>\n\t\t\t\t<\/div>\n\t\t\t\t<\/div>\n\t\t\t\t\t<\/div>\n\t\t\t\t<\/div>\n\t\t<div class=\"elementor-element elementor-element-3d7dd85 e-flex e-con-boxed e-con e-parent\" data-id=\"3d7dd85\" data-element_type=\"container\" data-e-type=\"container\" data-settings=\"{&quot;background_background&quot;:&quot;classic&quot;}\">\n\t\t\t\t\t<div class=\"e-con-inner\">\n\t\t<div class=\"elementor-element elementor-element-378bf892 e-con-full e-flex e-con e-child\" data-id=\"378bf892\" data-element_type=\"container\" data-e-type=\"container\">\n\t\t\t\t<div class=\"elementor-element elementor-element-9ae61b3 elementor-widget elementor-widget-text-editor\" data-id=\"9ae61b3\" data-element_type=\"widget\" data-e-type=\"widget\" data-widget_type=\"text-editor.default\">\n\t\t\t\t<div class=\"elementor-widget-container\">\n\t\t\t\t\t\t\t\t\t<p>Cont\u00e1ctanos<\/p>\t\t\t\t\t\t\t\t<\/div>\n\t\t\t\t<\/div>\n\t\t\t\t<div class=\"elementor-element elementor-element-1f806ccc elementor-widget elementor-widget-text-editor\" data-id=\"1f806ccc\" data-element_type=\"widget\" data-e-type=\"widget\" data-widget_type=\"text-editor.default\">\n\t\t\t\t<div class=\"elementor-widget-container\">\n\t\t\t\t\t\t\t\t\t<p>Tanto si busca mejores soluciones para mejorar su l\u00ednea de producci\u00f3n como si desea optimizar su estrategia de mantenimiento para aumentar el OEE general, Service Consult ApS es su socio de confianza en <span data-olk-copy-source=\"MessageBody\">excelencia en<\/span> fiabilidad.  <\/p>\t\t\t\t\t\t\t\t<\/div>\n\t\t\t\t<\/div>\n\t\t\t\t<div class=\"elementor-element elementor-element-7297d44 elementor-icon-list--layout-traditional elementor-list-item-link-full_width elementor-widget elementor-widget-icon-list\" data-id=\"7297d44\" data-element_type=\"widget\" data-e-type=\"widget\" data-widget_type=\"icon-list.default\">\n\t\t\t\t<div class=\"elementor-widget-container\">\n\t\t\t\t\t\t\t<ul class=\"elementor-icon-list-items\">\n\t\t\t\t\t\t\t<li class=\"elementor-icon-list-item\">\n\t\t\t\t\t\t\t\t\t\t\t<span class=\"elementor-icon-list-icon\">\n\t\t\t\t\t\t\t<i aria-hidden=\"true\" class=\"far fa-check\"><\/i>\t\t\t\t\t\t<\/span>\n\t\t\t\t\t\t\t\t\t\t<span class=\"elementor-icon-list-text\">Amplia experiencia t\u00e9cnica en tecnolog\u00eda de vibraciones<\/span>\n\t\t\t\t\t\t\t\t\t<\/li>\n\t\t\t\t\t\t\t\t<li class=\"elementor-icon-list-item\">\n\t\t\t\t\t\t\t\t\t\t\t<span class=\"elementor-icon-list-icon\">\n\t\t\t\t\t\t\t<i aria-hidden=\"true\" class=\"far fa-check\"><\/i>\t\t\t\t\t\t<\/span>\n\t\t\t\t\t\t\t\t\t\t<span class=\"elementor-icon-list-text\">Soluciones personalizadas y escalables para operaciones de cualquier tama\u00f1o.<\/span>\n\t\t\t\t\t\t\t\t\t<\/li>\n\t\t\t\t\t\t\t\t<li class=\"elementor-icon-list-item\">\n\t\t\t\t\t\t\t\t\t\t\t<span class=\"elementor-icon-list-icon\">\n\t\t\t\t\t\t\t<i aria-hidden=\"true\" class=\"far fa-check\"><\/i>\t\t\t\t\t\t<\/span>\n\t\t\t\t\t\t\t\t\t\t<span class=\"elementor-icon-list-text\">Centrado en la fiabilidad a largo plazo y la reducci\u00f3n de costes<\/span>\n\t\t\t\t\t\t\t\t\t<\/li>\n\t\t\t\t\t\t<\/ul>\n\t\t\t\t\t\t<\/div>\n\t\t\t\t<\/div>\n\t\t\t\t<div class=\"elementor-element elementor-element-505aef3d elementor-icon-list--layout-traditional elementor-list-item-link-full_width elementor-widget elementor-widget-icon-list\" data-id=\"505aef3d\" data-element_type=\"widget\" data-e-type=\"widget\" data-widget_type=\"icon-list.default\">\n\t\t\t\t<div class=\"elementor-widget-container\">\n\t\t\t\t\t\t\t<ul class=\"elementor-icon-list-items\">\n\t\t\t\t\t\t\t<li class=\"elementor-icon-list-item\">\n\t\t\t\t\t\t\t\t\t\t<span class=\"elementor-icon-list-text\"><a href=\"tel:+(45) 30 63 73 63\" aria-label=\"Telefon nummer\">+(45) 30 63 73 63<\/a><\/span>\n\t\t\t\t\t\t\t\t\t<\/li>\n\t\t\t\t\t\t<\/ul>\n\t\t\t\t\t\t<\/div>\n\t\t\t\t<\/div>\n\t\t\t\t<\/div>\n\t\t<div class=\"elementor-element elementor-element-9f7ce47 e-con-full e-flex e-con e-child\" data-id=\"9f7ce47\" data-element_type=\"container\" data-e-type=\"container\">\n\t\t<div class=\"elementor-element elementor-element-44fa716d e-con-full e-flex e-con e-child\" data-id=\"44fa716d\" data-element_type=\"container\" data-e-type=\"container\" data-settings=\"{&quot;background_background&quot;:&quot;classic&quot;}\">\n\t\t<div class=\"elementor-element elementor-element-6f8bacb6 e-con-full e-flex e-con e-child\" data-id=\"6f8bacb6\" data-element_type=\"container\" data-e-type=\"container\">\n\t\t<div class=\"elementor-element elementor-element-6af7e00 e-con-full e-flex e-con e-child\" data-id=\"6af7e00\" data-element_type=\"container\" data-e-type=\"container\">\n\t\t\t\t<div class=\"elementor-element elementor-element-12e2c267 elementor-widget__width-initial elementor-widget-mobile__width-inherit elementor-widget-tablet__width-inherit elementor-widget elementor-widget-heading\" data-id=\"12e2c267\" data-element_type=\"widget\" data-e-type=\"widget\" data-widget_type=\"heading.default\">\n\t\t\t\t<div class=\"elementor-widget-container\">\n\t\t\t\t\t<h2 class=\"elementor-heading-title elementor-size-default\">\u00a1Esperamos tener noticias suyas!<\/h2>\t\t\t\t<\/div>\n\t\t\t\t<\/div>\n\t\t\t\t<div class=\"elementor-element elementor-element-61f08407 elementor-widget elementor-widget-text-editor\" data-id=\"61f08407\" data-element_type=\"widget\" data-e-type=\"widget\" data-widget_type=\"text-editor.default\">\n\t\t\t\t<div class=\"elementor-widget-container\">\n\t\t\t\t\t\t\t\t\t<p>Cont\u00e1ctanos hoy para programar una consulta o solicitar un programa de capacitaci\u00f3n adaptado a las necesidades de tu equipo.<\/p>\t\t\t\t\t\t\t\t<\/div>\n\t\t\t\t<\/div>\n\t\t\t\t<\/div>\n\t\t\t\t<\/div>\n\t\t\t\t<div class=\"elementor-element elementor-element-c61bf11 elementor-widget-divider--view-line elementor-widget elementor-widget-divider\" data-id=\"c61bf11\" data-element_type=\"widget\" data-e-type=\"widget\" data-widget_type=\"divider.default\">\n\t\t\t\t<div class=\"elementor-widget-container\">\n\t\t\t\t\t\t\t<div class=\"elementor-divider\">\n\t\t\t<span class=\"elementor-divider-separator\">\n\t\t\t\t\t\t<\/span>\n\t\t<\/div>\n\t\t\t\t\t\t<\/div>\n\t\t\t\t<\/div>\n\t\t\t\t<div class=\"elementor-element elementor-element-1c9c84f elementor-widget elementor-widget-shortcode\" data-id=\"1c9c84f\" data-element_type=\"widget\" data-e-type=\"widget\" data-widget_type=\"shortcode.default\">\n\t\t\t\t<div class=\"elementor-widget-container\">\n\t\t\t\t\t\t\t<div class=\"elementor-shortcode\"><form id=\"forminator-module-66\" class=\"forminator-custom-form forminator-custom-form-66\" method=\"post\" data-forminator-render=\"0\" data-uid=\"69d0a99ec8927\"><div role=\"alert\" aria-live=\"polite\" class=\"forminator-response-message forminator-error\" aria-hidden=\"true\"><\/div><\/form><\/div>\n\t\t\t\t\t\t<\/div>\n\t\t\t\t<\/div>\n\t\t\t\t<\/div>\n\t\t\t\t<\/div>\n\t\t\t\t\t<\/div>\n\t\t\t\t<\/div>\n\t\t\t\t<\/div>\n\t\t","protected":false},"excerpt":{"rendered":"<p>Reducci\u00f3n de ruido \u00bfNecesitas ayuda? Cont\u00e1ctanos Reducci\u00f3n de ruido en alimentadores vibratorios Los alimentadores vibratorios son esenciales en las l\u00edneas de montaje y envasado, pero su principio de funcionamiento. El uso de vibraciones para mover piezas genera inevitablemente un ruido considerable. Si bien este ruido es intenso, el entorno plantea graves riesgos para la salud, &#8230; <a title=\"Reducci\u00f3n de ruido\" class=\"read-more\" href=\"https:\/\/lj-sc.dk\/es\/reduccion-de-ruido\/\" aria-label=\"Leer m\u00e1s sobre Reducci\u00f3n de ruido\">Leer m\u00e1s<\/a><\/p>\n","protected":false},"author":5,"featured_media":0,"parent":0,"menu_order":1001,"comment_status":"closed","ping_status":"closed","template":"","meta":{"_acf_changed":false,"footnotes":""},"categories":[],"class_list":["post-10222","page","type-page","status-publish"],"acf":[],"yoast_head":"<!-- This site is optimized with the Yoast SEO plugin v27.3 - https:\/\/yoast.com\/product\/yoast-seo-wordpress\/ -->\n<title>Reducci\u00f3n de ruido | SERVICE CONSULT ApS<\/title>\n<meta name=\"robots\" content=\"index, follow, max-snippet:-1, max-image-preview:large, max-video-preview:-1\" \/>\n<link rel=\"canonical\" href=\"https:\/\/lj-sc.dk\/es\/reduccion-de-ruido\/\" \/>\n<meta property=\"og:locale\" content=\"es_ES\" \/>\n<meta property=\"og:type\" content=\"article\" \/>\n<meta property=\"og:title\" content=\"Reducci\u00f3n de ruido | SERVICE CONSULT ApS\" \/>\n<meta property=\"og:description\" content=\"Reducci\u00f3n de ruido \u00bfNecesitas ayuda? Cont\u00e1ctanos Reducci\u00f3n de ruido en alimentadores vibratorios Los alimentadores vibratorios son esenciales en las l\u00edneas de montaje y envasado, pero su principio de funcionamiento. El uso de vibraciones para mover piezas genera inevitablemente un ruido considerable. Si bien este ruido es intenso, el entorno plantea graves riesgos para la salud, ... Leer m\u00e1s\" \/>\n<meta property=\"og:url\" content=\"https:\/\/lj-sc.dk\/es\/reduccion-de-ruido\/\" \/>\n<meta property=\"og:site_name\" content=\"SERVICE CONSULT ApS\" \/>\n<meta property=\"article:modified_time\" content=\"2025-11-21T11:07:15+00:00\" \/>\n<meta name=\"twitter:card\" content=\"summary_large_image\" \/>\n<meta name=\"twitter:label1\" content=\"Tiempo de lectura\" \/>\n\t<meta name=\"twitter:data1\" content=\"3 minutos\" \/>\n<script type=\"application\/ld+json\" class=\"yoast-schema-graph\">{\"@context\":\"https:\\\/\\\/schema.org\",\"@graph\":[{\"@type\":\"WebPage\",\"@id\":\"https:\\\/\\\/lj-sc.dk\\\/es\\\/reduccion-de-ruido\\\/\",\"url\":\"https:\\\/\\\/lj-sc.dk\\\/es\\\/reduccion-de-ruido\\\/\",\"name\":\"Reducci\u00f3n de ruido | SERVICE CONSULT ApS\",\"isPartOf\":{\"@id\":\"https:\\\/\\\/lj-sc.dk\\\/es\\\/#website\"},\"datePublished\":\"2025-10-08T07:21:44+00:00\",\"dateModified\":\"2025-11-21T11:07:15+00:00\",\"breadcrumb\":{\"@id\":\"https:\\\/\\\/lj-sc.dk\\\/es\\\/reduccion-de-ruido\\\/#breadcrumb\"},\"inLanguage\":\"es\",\"potentialAction\":[{\"@type\":\"ReadAction\",\"target\":[\"https:\\\/\\\/lj-sc.dk\\\/es\\\/reduccion-de-ruido\\\/\"]}]},{\"@type\":\"BreadcrumbList\",\"@id\":\"https:\\\/\\\/lj-sc.dk\\\/es\\\/reduccion-de-ruido\\\/#breadcrumb\",\"itemListElement\":[{\"@type\":\"ListItem\",\"position\":1,\"name\":\"Forside\",\"item\":\"https:\\\/\\\/lj-sc.dk\\\/es\\\/\"},{\"@type\":\"ListItem\",\"position\":2,\"name\":\"Reducci\u00f3n de ruido\"}]},{\"@type\":\"WebSite\",\"@id\":\"https:\\\/\\\/lj-sc.dk\\\/es\\\/#website\",\"url\":\"https:\\\/\\\/lj-sc.dk\\\/es\\\/\",\"name\":\"SERVICE CONSULT ApS\",\"description\":\"Professional training in industrial vibration technology\",\"publisher\":{\"@id\":\"https:\\\/\\\/lj-sc.dk\\\/es\\\/#organization\"},\"potentialAction\":[{\"@type\":\"SearchAction\",\"target\":{\"@type\":\"EntryPoint\",\"urlTemplate\":\"https:\\\/\\\/lj-sc.dk\\\/es\\\/?s={search_term_string}\"},\"query-input\":{\"@type\":\"PropertyValueSpecification\",\"valueRequired\":true,\"valueName\":\"search_term_string\"}}],\"inLanguage\":\"es\"},{\"@type\":\"Organization\",\"@id\":\"https:\\\/\\\/lj-sc.dk\\\/es\\\/#organization\",\"name\":\"SERVICE CONSULT ApS\",\"url\":\"https:\\\/\\\/lj-sc.dk\\\/es\\\/\",\"logo\":{\"@type\":\"ImageObject\",\"inLanguage\":\"es\",\"@id\":\"https:\\\/\\\/lj-sc.dk\\\/es\\\/#\\\/schema\\\/logo\\\/image\\\/\",\"url\":\"https:\\\/\\\/lj-sc.dk\\\/wp-content\\\/uploads\\\/2025\\\/07\\\/logo.png\",\"contentUrl\":\"https:\\\/\\\/lj-sc.dk\\\/wp-content\\\/uploads\\\/2025\\\/07\\\/logo.png\",\"width\":351,\"height\":229,\"caption\":\"SERVICE CONSULT ApS\"},\"image\":{\"@id\":\"https:\\\/\\\/lj-sc.dk\\\/es\\\/#\\\/schema\\\/logo\\\/image\\\/\"}}]}<\/script>\n<!-- \/ Yoast SEO plugin. -->","yoast_head_json":{"title":"Reducci\u00f3n de ruido | SERVICE CONSULT ApS","robots":{"index":"index","follow":"follow","max-snippet":"max-snippet:-1","max-image-preview":"max-image-preview:large","max-video-preview":"max-video-preview:-1"},"canonical":"https:\/\/lj-sc.dk\/es\/reduccion-de-ruido\/","og_locale":"es_ES","og_type":"article","og_title":"Reducci\u00f3n de ruido | SERVICE CONSULT ApS","og_description":"Reducci\u00f3n de ruido \u00bfNecesitas ayuda? Cont\u00e1ctanos Reducci\u00f3n de ruido en alimentadores vibratorios Los alimentadores vibratorios son esenciales en las l\u00edneas de montaje y envasado, pero su principio de funcionamiento. El uso de vibraciones para mover piezas genera inevitablemente un ruido considerable. Si bien este ruido es intenso, el entorno plantea graves riesgos para la salud, ... Leer m\u00e1s","og_url":"https:\/\/lj-sc.dk\/es\/reduccion-de-ruido\/","og_site_name":"SERVICE CONSULT ApS","article_modified_time":"2025-11-21T11:07:15+00:00","twitter_card":"summary_large_image","twitter_misc":{"Tiempo de lectura":"3 minutos"},"schema":{"@context":"https:\/\/schema.org","@graph":[{"@type":"WebPage","@id":"https:\/\/lj-sc.dk\/es\/reduccion-de-ruido\/","url":"https:\/\/lj-sc.dk\/es\/reduccion-de-ruido\/","name":"Reducci\u00f3n de ruido | SERVICE CONSULT ApS","isPartOf":{"@id":"https:\/\/lj-sc.dk\/es\/#website"},"datePublished":"2025-10-08T07:21:44+00:00","dateModified":"2025-11-21T11:07:15+00:00","breadcrumb":{"@id":"https:\/\/lj-sc.dk\/es\/reduccion-de-ruido\/#breadcrumb"},"inLanguage":"es","potentialAction":[{"@type":"ReadAction","target":["https:\/\/lj-sc.dk\/es\/reduccion-de-ruido\/"]}]},{"@type":"BreadcrumbList","@id":"https:\/\/lj-sc.dk\/es\/reduccion-de-ruido\/#breadcrumb","itemListElement":[{"@type":"ListItem","position":1,"name":"Forside","item":"https:\/\/lj-sc.dk\/es\/"},{"@type":"ListItem","position":2,"name":"Reducci\u00f3n de ruido"}]},{"@type":"WebSite","@id":"https:\/\/lj-sc.dk\/es\/#website","url":"https:\/\/lj-sc.dk\/es\/","name":"SERVICE CONSULT ApS","description":"Professional training in industrial vibration technology","publisher":{"@id":"https:\/\/lj-sc.dk\/es\/#organization"},"potentialAction":[{"@type":"SearchAction","target":{"@type":"EntryPoint","urlTemplate":"https:\/\/lj-sc.dk\/es\/?s={search_term_string}"},"query-input":{"@type":"PropertyValueSpecification","valueRequired":true,"valueName":"search_term_string"}}],"inLanguage":"es"},{"@type":"Organization","@id":"https:\/\/lj-sc.dk\/es\/#organization","name":"SERVICE CONSULT ApS","url":"https:\/\/lj-sc.dk\/es\/","logo":{"@type":"ImageObject","inLanguage":"es","@id":"https:\/\/lj-sc.dk\/es\/#\/schema\/logo\/image\/","url":"https:\/\/lj-sc.dk\/wp-content\/uploads\/2025\/07\/logo.png","contentUrl":"https:\/\/lj-sc.dk\/wp-content\/uploads\/2025\/07\/logo.png","width":351,"height":229,"caption":"SERVICE CONSULT ApS"},"image":{"@id":"https:\/\/lj-sc.dk\/es\/#\/schema\/logo\/image\/"}}]}},"_links":{"self":[{"href":"https:\/\/lj-sc.dk\/es\/wp-json\/wp\/v2\/pages\/10222","targetHints":{"allow":["GET"]}}],"collection":[{"href":"https:\/\/lj-sc.dk\/es\/wp-json\/wp\/v2\/pages"}],"about":[{"href":"https:\/\/lj-sc.dk\/es\/wp-json\/wp\/v2\/types\/page"}],"author":[{"embeddable":true,"href":"https:\/\/lj-sc.dk\/es\/wp-json\/wp\/v2\/users\/5"}],"replies":[{"embeddable":true,"href":"https:\/\/lj-sc.dk\/es\/wp-json\/wp\/v2\/comments?post=10222"}],"version-history":[{"count":6,"href":"https:\/\/lj-sc.dk\/es\/wp-json\/wp\/v2\/pages\/10222\/revisions"}],"predecessor-version":[{"id":10508,"href":"https:\/\/lj-sc.dk\/es\/wp-json\/wp\/v2\/pages\/10222\/revisions\/10508"}],"wp:attachment":[{"href":"https:\/\/lj-sc.dk\/es\/wp-json\/wp\/v2\/media?parent=10222"}],"wp:term":[{"taxonomy":"category","embeddable":true,"href":"https:\/\/lj-sc.dk\/es\/wp-json\/wp\/v2\/categories?post=10222"}],"curies":[{"name":"wp","href":"https:\/\/api.w.org\/{rel}","templated":true}]}}