{"id":10251,"date":"2020-02-12T13:11:38","date_gmt":"2020-02-12T12:11:38","guid":{"rendered":"https:\/\/lj-sc.dk\/contacto\/"},"modified":"2025-11-11T13:40:01","modified_gmt":"2025-11-11T12:40:01","slug":"contacto","status":"publish","type":"page","link":"https:\/\/lj-sc.dk\/es\/contacto\/","title":{"rendered":"Contacto"},"content":{"rendered":"\t\t<div data-elementor-type=\"wp-page\" data-elementor-id=\"10251\" class=\"elementor elementor-10251 elementor-61\" data-elementor-post-type=\"page\">\n\t\t\t\t<div class=\"elementor-element elementor-element-4a36d6dc e-con-full no-padding e-flex e-con e-parent\" data-id=\"4a36d6dc\" data-element_type=\"container\" data-e-type=\"container\">\n\t\t\t\t<\/div>\n\t\t<div class=\"elementor-element elementor-element-6b6e8f23 e-con-full e-flex e-con e-parent\" data-id=\"6b6e8f23\" data-element_type=\"container\" data-e-type=\"container\" data-settings=\"{&quot;background_background&quot;:&quot;gradient&quot;}\">\n\t\t<div class=\"elementor-element elementor-element-6ab71868 e-flex e-con-boxed e-con e-child\" data-id=\"6ab71868\" data-element_type=\"container\" data-e-type=\"container\" data-settings=\"{&quot;background_background&quot;:&quot;classic&quot;}\">\n\t\t\t\t\t<div class=\"e-con-inner\">\n\t\t<div class=\"elementor-element elementor-element-4e9c53ca e-con-full e-flex e-con e-child\" data-id=\"4e9c53ca\" data-element_type=\"container\" data-e-type=\"container\">\n\t\t\t\t<div class=\"elementor-element elementor-element-75c196e0 elementor-widget elementor-widget-heading\" data-id=\"75c196e0\" data-element_type=\"widget\" data-e-type=\"widget\" data-widget_type=\"heading.default\">\n\t\t\t\t<div class=\"elementor-widget-container\">\n\t\t\t\t\t<h1 class=\"elementor-heading-title elementor-size-default\">Contacto  Service Consult ApS<\/h1>\t\t\t\t<\/div>\n\t\t\t\t<\/div>\n\t\t\t\t<\/div>\n\t\t\t\t\t<\/div>\n\t\t\t\t<\/div>\n\t\t\t\t<\/div>\n\t\t<div class=\"elementor-element elementor-element-1c23a81b e-flex e-con-boxed e-con e-parent\" data-id=\"1c23a81b\" data-element_type=\"container\" data-e-type=\"container\" data-settings=\"{&quot;background_background&quot;:&quot;classic&quot;}\">\n\t\t\t\t\t<div class=\"e-con-inner\">\n\t\t<div class=\"elementor-element elementor-element-278e6391 e-con-full e-flex e-con e-child\" data-id=\"278e6391\" data-element_type=\"container\" data-e-type=\"container\">\n\t\t\t\t<div class=\"elementor-element elementor-element-6d831f3 elementor-widget elementor-widget-text-editor\" data-id=\"6d831f3\" data-element_type=\"widget\" data-e-type=\"widget\" data-widget_type=\"text-editor.default\">\n\t\t\t\t<div class=\"elementor-widget-container\">\n\t\t\t\t\t\t\t\t\t<p>Cont\u00e1ctanos<\/p>\t\t\t\t\t\t\t\t<\/div>\n\t\t\t\t<\/div>\n\t\t\t\t<div class=\"elementor-element elementor-element-340a058c elementor-widget elementor-widget-text-editor\" data-id=\"340a058c\" data-element_type=\"widget\" data-e-type=\"widget\" data-widget_type=\"text-editor.default\">\n\t\t\t\t<div class=\"elementor-widget-container\">\n\t\t\t\t\t\t\t\t\t<p>Tanto si busca mejores soluciones para mejorar su l\u00ednea de producci\u00f3n como si desea optimizar su estrategia de mantenimiento para aumentar el OEE general, Service Consult ApS es su socio de confianza en excelencia en fiabilidad.  <\/p>\t\t\t\t\t\t\t\t<\/div>\n\t\t\t\t<\/div>\n\t\t\t\t<div class=\"elementor-element elementor-element-da22335 elementor-widget elementor-widget-text-editor\" data-id=\"da22335\" data-element_type=\"widget\" data-e-type=\"widget\" data-widget_type=\"text-editor.default\">\n\t\t\t\t<div class=\"elementor-widget-container\">\n\t\t\t\t\t\t\t\t\t<p>Service Consult ApS<br><a href=\"https:\/\/www.google.com\/maps\/place\/Egebjergvej 319, 4571 Grevinge, Danmark\" target=\"_blank\" aria-label=\"Adresse\">Egebjergvej 319, 4571 Grevinge, Danmark<\/a><\/p><p><a href=\"tel:+(45) 30 63 73 63\" aria-label=\"Telefon nummer\">+(45) 30 63 73 63<\/a><br><a href=\"mailto:mek@lj-sc.dk\" aria-label=\"Email adresse\">mek@lj-sc.dk<\/a><\/p>\t\t\t\t\t\t\t\t<\/div>\n\t\t\t\t<\/div>\n\t\t\t\t<\/div>\n\t\t<div class=\"elementor-element elementor-element-be91963 e-con-full e-flex e-con e-child\" data-id=\"be91963\" data-element_type=\"container\" data-e-type=\"container\">\n\t\t<div class=\"elementor-element elementor-element-79a3c5e7 e-con-full e-flex e-con e-child\" data-id=\"79a3c5e7\" data-element_type=\"container\" data-e-type=\"container\" data-settings=\"{&quot;background_background&quot;:&quot;classic&quot;}\">\n\t\t<div class=\"elementor-element elementor-element-4da668fe e-con-full e-flex e-con e-child\" data-id=\"4da668fe\" data-element_type=\"container\" data-e-type=\"container\">\n\t\t<div class=\"elementor-element elementor-element-1cb394d1 e-con-full e-flex e-con e-child\" data-id=\"1cb394d1\" data-element_type=\"container\" data-e-type=\"container\">\n\t\t\t\t<div class=\"elementor-element elementor-element-33971754 elementor-widget__width-initial elementor-widget-mobile__width-inherit elementor-widget-tablet__width-inherit elementor-widget elementor-widget-heading\" data-id=\"33971754\" data-element_type=\"widget\" data-e-type=\"widget\" data-widget_type=\"heading.default\">\n\t\t\t\t<div class=\"elementor-widget-container\">\n\t\t\t\t\t<h2 class=\"elementor-heading-title elementor-size-default\">\u00a1Esperamos tener noticias suyas!<\/h2>\t\t\t\t<\/div>\n\t\t\t\t<\/div>\n\t\t\t\t<div class=\"elementor-element elementor-element-289f200d elementor-widget elementor-widget-text-editor\" data-id=\"289f200d\" data-element_type=\"widget\" data-e-type=\"widget\" data-widget_type=\"text-editor.default\">\n\t\t\t\t<div class=\"elementor-widget-container\">\n\t\t\t\t\t\t\t\t\t<p>Cont\u00e1ctanos hoy para programar una consulta o solicitar un programa de capacitaci\u00f3n adaptado a las necesidades de tu equipo.<\/p>\t\t\t\t\t\t\t\t<\/div>\n\t\t\t\t<\/div>\n\t\t\t\t<\/div>\n\t\t\t\t<\/div>\n\t\t\t\t<div class=\"elementor-element elementor-element-772777f6 elementor-widget-divider--view-line elementor-widget elementor-widget-divider\" data-id=\"772777f6\" data-element_type=\"widget\" data-e-type=\"widget\" data-widget_type=\"divider.default\">\n\t\t\t\t<div class=\"elementor-widget-container\">\n\t\t\t\t\t\t\t<div class=\"elementor-divider\">\n\t\t\t<span class=\"elementor-divider-separator\">\n\t\t\t\t\t\t<\/span>\n\t\t<\/div>\n\t\t\t\t\t\t<\/div>\n\t\t\t\t<\/div>\n\t\t\t\t<div class=\"elementor-element elementor-element-7f97e429 elementor-widget elementor-widget-shortcode\" data-id=\"7f97e429\" data-element_type=\"widget\" data-e-type=\"widget\" data-widget_type=\"shortcode.default\">\n\t\t\t\t<div class=\"elementor-widget-container\">\n\t\t\t\t\t\t\t<div class=\"elementor-shortcode\"><form id=\"forminator-module-66\" class=\"forminator-custom-form forminator-custom-form-66\" method=\"post\" data-forminator-render=\"0\" data-uid=\"69d0a7e17395e\"><div role=\"alert\" aria-live=\"polite\" class=\"forminator-response-message forminator-error\" aria-hidden=\"true\"><\/div><\/form><\/div>\n\t\t\t\t\t\t<\/div>\n\t\t\t\t<\/div>\n\t\t\t\t<\/div>\n\t\t\t\t<\/div>\n\t\t\t\t\t<\/div>\n\t\t\t\t<\/div>\n\t\t\t\t<\/div>\n\t\t","protected":false},"excerpt":{"rendered":"<p>\u00bfTienes sp\u00f8rgsm\u00e5l o comentarios? P\u00f3ngase en contacto con el d\u00eda para saber d\u00f3nde est\u00e1, hvad vi kan g\u00f8re para excavar. <\/p>\n","protected":false},"author":1,"featured_media":0,"parent":0,"menu_order":0,"comment_status":"closed","ping_status":"closed","template":"","meta":{"_acf_changed":false,"footnotes":""},"categories":[],"class_list":["post-10251","page","type-page","status-publish"],"acf":[],"yoast_head":"<!-- This site is optimized with the Yoast SEO plugin v27.3 - https:\/\/yoast.com\/product\/yoast-seo-wordpress\/ -->\n<title>Contacto | SERVICE CONSULT ApS<\/title>\n<meta name=\"robots\" content=\"index, follow, max-snippet:-1, max-image-preview:large, max-video-preview:-1\" \/>\n<link rel=\"canonical\" href=\"https:\/\/lj-sc.dk\/es\/contacto\/\" \/>\n<meta property=\"og:locale\" content=\"es_ES\" \/>\n<meta property=\"og:type\" content=\"article\" \/>\n<meta property=\"og:title\" content=\"Contacto | SERVICE CONSULT ApS\" \/>\n<meta property=\"og:description\" content=\"\u00bfTienes sp\u00f8rgsm\u00e5l o comentarios? P\u00f3ngase en contacto con el d\u00eda para saber d\u00f3nde est\u00e1, hvad vi kan g\u00f8re para excavar.\" \/>\n<meta property=\"og:url\" content=\"https:\/\/lj-sc.dk\/es\/contacto\/\" \/>\n<meta property=\"og:site_name\" content=\"SERVICE CONSULT ApS\" \/>\n<meta property=\"article:modified_time\" content=\"2025-11-11T12:40:01+00:00\" \/>\n<meta name=\"twitter:card\" content=\"summary_large_image\" \/>\n<script type=\"application\/ld+json\" class=\"yoast-schema-graph\">{\"@context\":\"https:\\\/\\\/schema.org\",\"@graph\":[{\"@type\":\"WebPage\",\"@id\":\"https:\\\/\\\/lj-sc.dk\\\/es\\\/contacto\\\/\",\"url\":\"https:\\\/\\\/lj-sc.dk\\\/es\\\/contacto\\\/\",\"name\":\"Contacto | SERVICE CONSULT ApS\",\"isPartOf\":{\"@id\":\"https:\\\/\\\/lj-sc.dk\\\/es\\\/#website\"},\"datePublished\":\"2020-02-12T12:11:38+00:00\",\"dateModified\":\"2025-11-11T12:40:01+00:00\",\"breadcrumb\":{\"@id\":\"https:\\\/\\\/lj-sc.dk\\\/es\\\/contacto\\\/#breadcrumb\"},\"inLanguage\":\"es\",\"potentialAction\":[{\"@type\":\"ReadAction\",\"target\":[\"https:\\\/\\\/lj-sc.dk\\\/es\\\/contacto\\\/\"]}]},{\"@type\":\"BreadcrumbList\",\"@id\":\"https:\\\/\\\/lj-sc.dk\\\/es\\\/contacto\\\/#breadcrumb\",\"itemListElement\":[{\"@type\":\"ListItem\",\"position\":1,\"name\":\"Forside\",\"item\":\"https:\\\/\\\/lj-sc.dk\\\/es\\\/\"},{\"@type\":\"ListItem\",\"position\":2,\"name\":\"Contacto\"}]},{\"@type\":\"WebSite\",\"@id\":\"https:\\\/\\\/lj-sc.dk\\\/es\\\/#website\",\"url\":\"https:\\\/\\\/lj-sc.dk\\\/es\\\/\",\"name\":\"SERVICE CONSULT ApS\",\"description\":\"Professional training in industrial vibration technology\",\"publisher\":{\"@id\":\"https:\\\/\\\/lj-sc.dk\\\/es\\\/#organization\"},\"potentialAction\":[{\"@type\":\"SearchAction\",\"target\":{\"@type\":\"EntryPoint\",\"urlTemplate\":\"https:\\\/\\\/lj-sc.dk\\\/es\\\/?s={search_term_string}\"},\"query-input\":{\"@type\":\"PropertyValueSpecification\",\"valueRequired\":true,\"valueName\":\"search_term_string\"}}],\"inLanguage\":\"es\"},{\"@type\":\"Organization\",\"@id\":\"https:\\\/\\\/lj-sc.dk\\\/es\\\/#organization\",\"name\":\"SERVICE CONSULT ApS\",\"url\":\"https:\\\/\\\/lj-sc.dk\\\/es\\\/\",\"logo\":{\"@type\":\"ImageObject\",\"inLanguage\":\"es\",\"@id\":\"https:\\\/\\\/lj-sc.dk\\\/es\\\/#\\\/schema\\\/logo\\\/image\\\/\",\"url\":\"https:\\\/\\\/lj-sc.dk\\\/wp-content\\\/uploads\\\/2025\\\/07\\\/logo.png\",\"contentUrl\":\"https:\\\/\\\/lj-sc.dk\\\/wp-content\\\/uploads\\\/2025\\\/07\\\/logo.png\",\"width\":351,\"height\":229,\"caption\":\"SERVICE CONSULT ApS\"},\"image\":{\"@id\":\"https:\\\/\\\/lj-sc.dk\\\/es\\\/#\\\/schema\\\/logo\\\/image\\\/\"}}]}<\/script>\n<!-- \/ Yoast SEO plugin. -->","yoast_head_json":{"title":"Contacto | SERVICE CONSULT ApS","robots":{"index":"index","follow":"follow","max-snippet":"max-snippet:-1","max-image-preview":"max-image-preview:large","max-video-preview":"max-video-preview:-1"},"canonical":"https:\/\/lj-sc.dk\/es\/contacto\/","og_locale":"es_ES","og_type":"article","og_title":"Contacto | SERVICE CONSULT ApS","og_description":"\u00bfTienes sp\u00f8rgsm\u00e5l o comentarios? P\u00f3ngase en contacto con el d\u00eda para saber d\u00f3nde est\u00e1, hvad vi kan g\u00f8re para excavar.","og_url":"https:\/\/lj-sc.dk\/es\/contacto\/","og_site_name":"SERVICE CONSULT ApS","article_modified_time":"2025-11-11T12:40:01+00:00","twitter_card":"summary_large_image","schema":{"@context":"https:\/\/schema.org","@graph":[{"@type":"WebPage","@id":"https:\/\/lj-sc.dk\/es\/contacto\/","url":"https:\/\/lj-sc.dk\/es\/contacto\/","name":"Contacto | SERVICE CONSULT ApS","isPartOf":{"@id":"https:\/\/lj-sc.dk\/es\/#website"},"datePublished":"2020-02-12T12:11:38+00:00","dateModified":"2025-11-11T12:40:01+00:00","breadcrumb":{"@id":"https:\/\/lj-sc.dk\/es\/contacto\/#breadcrumb"},"inLanguage":"es","potentialAction":[{"@type":"ReadAction","target":["https:\/\/lj-sc.dk\/es\/contacto\/"]}]},{"@type":"BreadcrumbList","@id":"https:\/\/lj-sc.dk\/es\/contacto\/#breadcrumb","itemListElement":[{"@type":"ListItem","position":1,"name":"Forside","item":"https:\/\/lj-sc.dk\/es\/"},{"@type":"ListItem","position":2,"name":"Contacto"}]},{"@type":"WebSite","@id":"https:\/\/lj-sc.dk\/es\/#website","url":"https:\/\/lj-sc.dk\/es\/","name":"SERVICE CONSULT ApS","description":"Professional training in industrial vibration technology","publisher":{"@id":"https:\/\/lj-sc.dk\/es\/#organization"},"potentialAction":[{"@type":"SearchAction","target":{"@type":"EntryPoint","urlTemplate":"https:\/\/lj-sc.dk\/es\/?s={search_term_string}"},"query-input":{"@type":"PropertyValueSpecification","valueRequired":true,"valueName":"search_term_string"}}],"inLanguage":"es"},{"@type":"Organization","@id":"https:\/\/lj-sc.dk\/es\/#organization","name":"SERVICE CONSULT ApS","url":"https:\/\/lj-sc.dk\/es\/","logo":{"@type":"ImageObject","inLanguage":"es","@id":"https:\/\/lj-sc.dk\/es\/#\/schema\/logo\/image\/","url":"https:\/\/lj-sc.dk\/wp-content\/uploads\/2025\/07\/logo.png","contentUrl":"https:\/\/lj-sc.dk\/wp-content\/uploads\/2025\/07\/logo.png","width":351,"height":229,"caption":"SERVICE CONSULT ApS"},"image":{"@id":"https:\/\/lj-sc.dk\/es\/#\/schema\/logo\/image\/"}}]}},"_links":{"self":[{"href":"https:\/\/lj-sc.dk\/es\/wp-json\/wp\/v2\/pages\/10251","targetHints":{"allow":["GET"]}}],"collection":[{"href":"https:\/\/lj-sc.dk\/es\/wp-json\/wp\/v2\/pages"}],"about":[{"href":"https:\/\/lj-sc.dk\/es\/wp-json\/wp\/v2\/types\/page"}],"author":[{"embeddable":true,"href":"https:\/\/lj-sc.dk\/es\/wp-json\/wp\/v2\/users\/1"}],"replies":[{"embeddable":true,"href":"https:\/\/lj-sc.dk\/es\/wp-json\/wp\/v2\/comments?post=10251"}],"version-history":[{"count":1,"href":"https:\/\/lj-sc.dk\/es\/wp-json\/wp\/v2\/pages\/10251\/revisions"}],"predecessor-version":[{"id":10255,"href":"https:\/\/lj-sc.dk\/es\/wp-json\/wp\/v2\/pages\/10251\/revisions\/10255"}],"wp:attachment":[{"href":"https:\/\/lj-sc.dk\/es\/wp-json\/wp\/v2\/media?parent=10251"}],"wp:term":[{"taxonomy":"category","embeddable":true,"href":"https:\/\/lj-sc.dk\/es\/wp-json\/wp\/v2\/categories?post=10251"}],"curies":[{"name":"wp","href":"https:\/\/api.w.org\/{rel}","templated":true}]}}